{"id":88099,"date":"2024-12-18T11:39:45","date_gmt":"2024-12-18T08:39:47","guid":{"rendered":"https:\/\/olleo.be\/?post_type=product&#038;p=88099"},"modified":"2024-12-18T12:06:44","modified_gmt":"2024-12-18T09:06:44","slug":"noteo-fruehstueck","status":"publish","type":"product","link":"https:\/\/olleo.be\/de\/product\/noteo-fruehstueck\/","title":{"rendered":"NOTEO Fr\u00fchst\u00fcck"},"content":{"rendered":"<div class=\"wrappers-module__wrapper___3xI-I field-value-module__field-value___1scQ6\"><span class=\"text-module__text___1i_Bw text-module__medium-copy___O-7j0 text-module__display-block___32uaR\">Knuspriger Zwieback in der Dose, dazu Proteinpaste und Streichutensil.<\/span><\/div>\n<ul class=\"product-info-module__ul___1pu66\">\n<li><span class=\"text-module__text___1i_Bw text-module__medium-copy___O-7j0\">Naturkost<\/span><\/li>\n<li><span class=\"text-module__text___1i_Bw text-module__medium-copy___O-7j0\">gesunde Ern\u00e4hrung<\/span><\/li>\n<li><span class=\"text-module__text___1i_Bw text-module__medium-copy___O-7j0\">vegan<\/span><\/li>\n<\/ul>\n","protected":false},"excerpt":{"rendered":"<p>Knuspriger Zwieback in der Dose, dazu Proteinpaste und Streichutensil. Naturkost gesunde Ern\u00e4hrung vegan<\/p>\n","protected":false},"featured_media":88105,"comment_status":"closed","ping_status":"closed","template":"","meta":[],"product_cat":[6893],"product_tag":[],"prod_brand":[],"prod_manufacturer":[6862],"prod_country":[6919],"prod_storage":[],"class_list":{"0":"post-88099","1":"product","2":"type-product","3":"status-publish","4":"has-post-thumbnail","6":"product_cat-sonnenblumenpaste-noteo","8":"first","9":"instock","10":"purchasable","11":"product-type-simple","12":"add-to-wishlist-after_add_to_cart"},"yoast_head":"<!-- This site is optimized with the Yoast SEO Premium plugin v23.2 (Yoast SEO v24.0) - https:\/\/yoast.com\/wordpress\/plugins\/seo\/ -->\n<title>NOTEO Fr\u00fchst\u00fcck &#8212; OLLEO GROUP LTD<\/title>\n<meta name=\"robots\" content=\"index, follow, max-snippet:-1, max-image-preview:large, max-video-preview:-1\" \/>\n<link rel=\"canonical\" href=\"https:\/\/olleo.be\/de\/product\/noteo-fruehstueck\/\" \/>\n<meta property=\"og:locale\" content=\"de_DE\" \/>\n<meta property=\"og:type\" content=\"article\" \/>\n<meta property=\"og:title\" content=\"NOTEO Fr\u00fchst\u00fcck\" \/>\n<meta property=\"og:description\" content=\"Knuspriger Zwieback in der Dose, dazu Proteinpaste und Streichutensil. Naturkost gesunde Ern\u00e4hrung vegan\" \/>\n<meta property=\"og:url\" content=\"https:\/\/olleo.be\/de\/product\/noteo-fruehstueck\/\" \/>\n<meta property=\"og:site_name\" content=\"OLLEO GROUP LTD\" \/>\n<meta property=\"article:modified_time\" content=\"2024-12-18T09:06:44+00:00\" \/>\n<meta property=\"og:image\" content=\"https:\/\/olleo.be\/wp-content\/uploads\/noteo-petit-dejeuner-1.webp\" \/>\n\t<meta property=\"og:image:width\" content=\"724\" \/>\n\t<meta property=\"og:image:height\" content=\"960\" \/>\n\t<meta property=\"og:image:type\" content=\"image\/webp\" \/>\n<meta name=\"twitter:card\" content=\"summary_large_image\" \/>\n<script type=\"application\/ld+json\" class=\"yoast-schema-graph\">{\"@context\":\"https:\/\/schema.org\",\"@graph\":[{\"@type\":\"WebPage\",\"@id\":\"https:\/\/olleo.be\/de\/product\/noteo-fruehstueck\/\",\"url\":\"https:\/\/olleo.be\/de\/product\/noteo-fruehstueck\/\",\"name\":\"NOTEO Fr\u00fchst\u00fcck &#8212; OLLEO GROUP LTD\",\"isPartOf\":{\"@id\":\"https:\/\/olleo.be\/#website\"},\"primaryImageOfPage\":{\"@id\":\"https:\/\/olleo.be\/de\/product\/noteo-fruehstueck\/#primaryimage\"},\"image\":{\"@id\":\"https:\/\/olleo.be\/de\/product\/noteo-fruehstueck\/#primaryimage\"},\"thumbnailUrl\":\"https:\/\/olleo.be\/wp-content\/uploads\/noteo-petit-dejeuner-1.webp\",\"datePublished\":\"2024-12-18T08:39:47+00:00\",\"dateModified\":\"2024-12-18T09:06:44+00:00\",\"breadcrumb\":{\"@id\":\"https:\/\/olleo.be\/de\/product\/noteo-fruehstueck\/#breadcrumb\"},\"inLanguage\":\"de\",\"potentialAction\":[{\"@type\":\"ReadAction\",\"target\":[\"https:\/\/olleo.be\/de\/product\/noteo-fruehstueck\/\"]}]},{\"@type\":\"ImageObject\",\"inLanguage\":\"de\",\"@id\":\"https:\/\/olleo.be\/de\/product\/noteo-fruehstueck\/#primaryimage\",\"url\":\"https:\/\/olleo.be\/wp-content\/uploads\/noteo-petit-dejeuner-1.webp\",\"contentUrl\":\"https:\/\/olleo.be\/wp-content\/uploads\/noteo-petit-dejeuner-1.webp\",\"width\":724,\"height\":960},{\"@type\":\"BreadcrumbList\",\"@id\":\"https:\/\/olleo.be\/de\/product\/noteo-fruehstueck\/#breadcrumb\",\"itemListElement\":[{\"@type\":\"ListItem\",\"position\":1,\"name\":\"Home\",\"item\":\"https:\/\/olleo.be\/de\/\"},{\"@type\":\"ListItem\",\"position\":2,\"name\":\"Shop\",\"item\":\"https:\/\/olleo.be\/shop\/\"},{\"@type\":\"ListItem\",\"position\":3,\"name\":\"NOTEO Fr\u00fchst\u00fcck\"}]},{\"@type\":\"WebSite\",\"@id\":\"https:\/\/olleo.be\/#website\",\"url\":\"https:\/\/olleo.be\/\",\"name\":\"OLLEO GROUP LTD\",\"description\":\"Kaltgepresste \u00d6le\",\"potentialAction\":[{\"@type\":\"SearchAction\",\"target\":{\"@type\":\"EntryPoint\",\"urlTemplate\":\"https:\/\/olleo.be\/?s={search_term_string}\"},\"query-input\":{\"@type\":\"PropertyValueSpecification\",\"valueRequired\":true,\"valueName\":\"search_term_string\"}}],\"inLanguage\":\"de\"}]}<\/script>\n<!-- \/ Yoast SEO Premium plugin. -->","yoast_head_json":{"title":"NOTEO Fr\u00fchst\u00fcck &#8212; OLLEO GROUP LTD","robots":{"index":"index","follow":"follow","max-snippet":"max-snippet:-1","max-image-preview":"max-image-preview:large","max-video-preview":"max-video-preview:-1"},"canonical":"https:\/\/olleo.be\/de\/product\/noteo-fruehstueck\/","og_locale":"de_DE","og_type":"article","og_title":"NOTEO Fr\u00fchst\u00fcck","og_description":"Knuspriger Zwieback in der Dose, dazu Proteinpaste und Streichutensil. Naturkost gesunde Ern\u00e4hrung vegan","og_url":"https:\/\/olleo.be\/de\/product\/noteo-fruehstueck\/","og_site_name":"OLLEO GROUP LTD","article_modified_time":"2024-12-18T09:06:44+00:00","og_image":[{"width":724,"height":960,"url":"https:\/\/olleo.be\/wp-content\/uploads\/noteo-petit-dejeuner-1.webp","type":"image\/webp"}],"twitter_card":"summary_large_image","schema":{"@context":"https:\/\/schema.org","@graph":[{"@type":"WebPage","@id":"https:\/\/olleo.be\/de\/product\/noteo-fruehstueck\/","url":"https:\/\/olleo.be\/de\/product\/noteo-fruehstueck\/","name":"NOTEO Fr\u00fchst\u00fcck &#8212; OLLEO GROUP LTD","isPartOf":{"@id":"https:\/\/olleo.be\/#website"},"primaryImageOfPage":{"@id":"https:\/\/olleo.be\/de\/product\/noteo-fruehstueck\/#primaryimage"},"image":{"@id":"https:\/\/olleo.be\/de\/product\/noteo-fruehstueck\/#primaryimage"},"thumbnailUrl":"https:\/\/olleo.be\/wp-content\/uploads\/noteo-petit-dejeuner-1.webp","datePublished":"2024-12-18T08:39:47+00:00","dateModified":"2024-12-18T09:06:44+00:00","breadcrumb":{"@id":"https:\/\/olleo.be\/de\/product\/noteo-fruehstueck\/#breadcrumb"},"inLanguage":"de","potentialAction":[{"@type":"ReadAction","target":["https:\/\/olleo.be\/de\/product\/noteo-fruehstueck\/"]}]},{"@type":"ImageObject","inLanguage":"de","@id":"https:\/\/olleo.be\/de\/product\/noteo-fruehstueck\/#primaryimage","url":"https:\/\/olleo.be\/wp-content\/uploads\/noteo-petit-dejeuner-1.webp","contentUrl":"https:\/\/olleo.be\/wp-content\/uploads\/noteo-petit-dejeuner-1.webp","width":724,"height":960},{"@type":"BreadcrumbList","@id":"https:\/\/olleo.be\/de\/product\/noteo-fruehstueck\/#breadcrumb","itemListElement":[{"@type":"ListItem","position":1,"name":"Home","item":"https:\/\/olleo.be\/de\/"},{"@type":"ListItem","position":2,"name":"Shop","item":"https:\/\/olleo.be\/shop\/"},{"@type":"ListItem","position":3,"name":"NOTEO Fr\u00fchst\u00fcck"}]},{"@type":"WebSite","@id":"https:\/\/olleo.be\/#website","url":"https:\/\/olleo.be\/","name":"OLLEO GROUP LTD","description":"Kaltgepresste \u00d6le","potentialAction":[{"@type":"SearchAction","target":{"@type":"EntryPoint","urlTemplate":"https:\/\/olleo.be\/?s={search_term_string}"},"query-input":{"@type":"PropertyValueSpecification","valueRequired":true,"valueName":"search_term_string"}}],"inLanguage":"de"}]}},"_links":{"self":[{"href":"https:\/\/olleo.be\/de\/wp-json\/wp\/v2\/product\/88099","targetHints":{"allow":["GET"]}}],"collection":[{"href":"https:\/\/olleo.be\/de\/wp-json\/wp\/v2\/product"}],"about":[{"href":"https:\/\/olleo.be\/de\/wp-json\/wp\/v2\/types\/product"}],"replies":[{"embeddable":true,"href":"https:\/\/olleo.be\/de\/wp-json\/wp\/v2\/comments?post=88099"}],"wp:featuredmedia":[{"embeddable":true,"href":"https:\/\/olleo.be\/de\/wp-json\/wp\/v2\/media\/88105"}],"wp:attachment":[{"href":"https:\/\/olleo.be\/de\/wp-json\/wp\/v2\/media?parent=88099"}],"wp:term":[{"taxonomy":"product_cat","embeddable":true,"href":"https:\/\/olleo.be\/de\/wp-json\/wp\/v2\/product_cat?post=88099"},{"taxonomy":"product_tag","embeddable":true,"href":"https:\/\/olleo.be\/de\/wp-json\/wp\/v2\/product_tag?post=88099"},{"taxonomy":"prod_brand","embeddable":true,"href":"https:\/\/olleo.be\/de\/wp-json\/wp\/v2\/prod_brand?post=88099"},{"taxonomy":"prod_manufacturer","embeddable":true,"href":"https:\/\/olleo.be\/de\/wp-json\/wp\/v2\/prod_manufacturer?post=88099"},{"taxonomy":"prod_country","embeddable":true,"href":"https:\/\/olleo.be\/de\/wp-json\/wp\/v2\/prod_country?post=88099"},{"taxonomy":"prod_storage","embeddable":true,"href":"https:\/\/olleo.be\/de\/wp-json\/wp\/v2\/prod_storage?post=88099"}],"curies":[{"name":"wp","href":"https:\/\/api.w.org\/{rel}","templated":true}]}}