{"id":87856,"date":"2024-12-11T13:15:11","date_gmt":"2024-12-11T10:15:11","guid":{"rendered":"https:\/\/olleo.be\/product\/naturalno-studeno-presovano-leneno-maslo-250-ml\/"},"modified":"2024-12-16T17:49:20","modified_gmt":"2024-12-16T14:49:20","slug":"natuerliches-kaltgepresstes-leinsamenoel-250-ml","status":"publish","type":"product","link":"https:\/\/olleo.be\/de\/product\/natuerliches-kaltgepresstes-leinsamenoel-250-ml\/","title":{"rendered":"Nat\u00fcrliches Kaltgepresstes Leinsamen\u00f6l &#8211; 250 ml"},"content":{"rendered":"<p>Leinsamen\u00f6l ist bekannt f\u00fcr seine zahlreichen gesundheitlichen Vorteile. Das aus Leinsamen gewonnene \u00d6l wird aufgrund seiner magischen Wirkung auf den menschlichen K\u00f6rper als Essenz und Superfood betrachtet. Hier sind einige seiner Vorteile:<\/p>\n<ul>\n<li>Starke entz\u00fcndungshemmende, antibakterielle und antimykotische Wirkung<\/li>\n<li>Leberentgiftung<\/li>\n<li>Linderung von Gelenk- und Muskelschmerzen<\/li>\n<li>Beseitigung von Hautirritationen, Akne und Ausschl\u00e4gen<\/li>\n<li>Verbesserung der Blutzirkulation<\/li>\n<li>Verbesserung der Verdauung<\/li>\n<li>Aufrechterhaltung gesunder Blutzuckerspiegel<\/li>\n<\/ul>\n<p>Das Leinsamen\u00f6l von OLLEO kann sowohl zum Verzehr als auch \u00e4u\u00dferlich verwendet werden. Sein angenehmer Geschmack macht es ideal f\u00fcr Salatdressings und kalte Gerichte.<\/p>\n","protected":false},"excerpt":{"rendered":"<p>Leinsamen\u00f6l ist bekannt f\u00fcr seine zahlreichen gesundheitlichen Vorteile. Das aus Leinsamen gewonnene \u00d6l wird aufgrund seiner magischen Wirkung auf den menschlichen K\u00f6rper als Essenz und Superfood betrachtet. Hier sind einige seiner Vorteile: Starke entz\u00fcndungshemmende, antibakterielle und antimykotische Wirkung Leberentgiftung Linderung von Gelenk- und Muskelschmerzen Beseitigung von Hautirritationen, Akne und Ausschl\u00e4gen Verbesserung der Blutzirkulation Verbesserung der [&hellip;]<\/p>\n","protected":false},"featured_media":87466,"comment_status":"closed","ping_status":"closed","template":"","meta":[],"product_cat":[6897],"product_tag":[],"prod_brand":[],"prod_manufacturer":[6869],"prod_country":[6919],"prod_storage":[],"class_list":{"0":"post-87856","1":"product","2":"type-product","3":"status-publish","4":"has-post-thumbnail","6":"product_cat-kaltgepresste-oele-olleo","8":"first","9":"instock","10":"purchasable","11":"product-type-simple","12":"add-to-wishlist-after_add_to_cart"},"yoast_head":"<!-- This site is optimized with the Yoast SEO Premium plugin v23.2 (Yoast SEO v24.0) - https:\/\/yoast.com\/wordpress\/plugins\/seo\/ -->\n<title>Nat\u00fcrliches Kaltgepresstes Leinsamen\u00f6l - 250 ml &#8212; OLLEO GROUP LTD<\/title>\n<meta name=\"robots\" content=\"index, follow, max-snippet:-1, max-image-preview:large, max-video-preview:-1\" \/>\n<link rel=\"canonical\" href=\"https:\/\/olleo.be\/product\/huile-de-lin-pressee-a-froid-naturelle-250-ml\/\" \/>\n<meta property=\"og:locale\" content=\"de_DE\" \/>\n<meta property=\"og:type\" content=\"article\" \/>\n<meta property=\"og:title\" content=\"Nat\u00fcrliches Kaltgepresstes Leinsamen\u00f6l - 250 ml\" \/>\n<meta property=\"og:description\" content=\"Leinsamen\u00f6l ist bekannt f\u00fcr seine zahlreichen gesundheitlichen Vorteile. Das aus Leinsamen gewonnene \u00d6l wird aufgrund seiner magischen Wirkung auf den menschlichen K\u00f6rper als Essenz und Superfood betrachtet. Hier sind einige seiner Vorteile: Starke entz\u00fcndungshemmende, antibakterielle und antimykotische Wirkung Leberentgiftung Linderung von Gelenk- und Muskelschmerzen Beseitigung von Hautirritationen, Akne und Ausschl\u00e4gen Verbesserung der Blutzirkulation Verbesserung der [&hellip;]\" \/>\n<meta property=\"og:url\" content=\"https:\/\/olleo.be\/product\/huile-de-lin-pressee-a-froid-naturelle-250-ml\/\" \/>\n<meta property=\"og:site_name\" content=\"OLLEO GROUP LTD\" \/>\n<meta property=\"article:modified_time\" content=\"2024-12-16T14:49:20+00:00\" \/>\n<meta property=\"og:image\" content=\"https:\/\/olleo.be\/wp-content\/uploads\/145.jpg\" \/>\n\t<meta property=\"og:image:width\" content=\"1000\" \/>\n\t<meta property=\"og:image:height\" content=\"1000\" \/>\n\t<meta property=\"og:image:type\" content=\"image\/jpeg\" \/>\n<meta name=\"twitter:card\" content=\"summary_large_image\" \/>\n<script type=\"application\/ld+json\" class=\"yoast-schema-graph\">{\"@context\":\"https:\/\/schema.org\",\"@graph\":[{\"@type\":\"WebPage\",\"@id\":\"https:\/\/olleo.be\/product\/huile-de-lin-pressee-a-froid-naturelle-250-ml\/\",\"url\":\"https:\/\/olleo.be\/product\/huile-de-lin-pressee-a-froid-naturelle-250-ml\/\",\"name\":\"Nat\u00fcrliches Kaltgepresstes Leinsamen\u00f6l - 250 ml &#8212; OLLEO GROUP LTD\",\"isPartOf\":{\"@id\":\"https:\/\/olleo.be\/#website\"},\"primaryImageOfPage\":{\"@id\":\"https:\/\/olleo.be\/product\/huile-de-lin-pressee-a-froid-naturelle-250-ml\/#primaryimage\"},\"image\":{\"@id\":\"https:\/\/olleo.be\/product\/huile-de-lin-pressee-a-froid-naturelle-250-ml\/#primaryimage\"},\"thumbnailUrl\":\"https:\/\/olleo.be\/wp-content\/uploads\/145.jpg\",\"datePublished\":\"2024-12-11T10:15:11+00:00\",\"dateModified\":\"2024-12-16T14:49:20+00:00\",\"breadcrumb\":{\"@id\":\"https:\/\/olleo.be\/product\/huile-de-lin-pressee-a-froid-naturelle-250-ml\/#breadcrumb\"},\"inLanguage\":\"de\",\"potentialAction\":[{\"@type\":\"ReadAction\",\"target\":[\"https:\/\/olleo.be\/product\/huile-de-lin-pressee-a-froid-naturelle-250-ml\/\"]}]},{\"@type\":\"ImageObject\",\"inLanguage\":\"de\",\"@id\":\"https:\/\/olleo.be\/product\/huile-de-lin-pressee-a-froid-naturelle-250-ml\/#primaryimage\",\"url\":\"https:\/\/olleo.be\/wp-content\/uploads\/145.jpg\",\"contentUrl\":\"https:\/\/olleo.be\/wp-content\/uploads\/145.jpg\",\"width\":1000,\"height\":1000},{\"@type\":\"BreadcrumbList\",\"@id\":\"https:\/\/olleo.be\/product\/huile-de-lin-pressee-a-froid-naturelle-250-ml\/#breadcrumb\",\"itemListElement\":[{\"@type\":\"ListItem\",\"position\":1,\"name\":\"Home\",\"item\":\"https:\/\/olleo.be\/de\/\"},{\"@type\":\"ListItem\",\"position\":2,\"name\":\"Shop\",\"item\":\"https:\/\/olleo.be\/shop\/\"},{\"@type\":\"ListItem\",\"position\":3,\"name\":\"Nat\u00fcrliches Kaltgepresstes Leinsamen\u00f6l &#8211; 250 ml\"}]},{\"@type\":\"WebSite\",\"@id\":\"https:\/\/olleo.be\/#website\",\"url\":\"https:\/\/olleo.be\/\",\"name\":\"OLLEO GROUP LTD\",\"description\":\"Kaltgepresste \u00d6le\",\"potentialAction\":[{\"@type\":\"SearchAction\",\"target\":{\"@type\":\"EntryPoint\",\"urlTemplate\":\"https:\/\/olleo.be\/?s={search_term_string}\"},\"query-input\":{\"@type\":\"PropertyValueSpecification\",\"valueRequired\":true,\"valueName\":\"search_term_string\"}}],\"inLanguage\":\"de\"}]}<\/script>\n<!-- \/ Yoast SEO Premium plugin. -->","yoast_head_json":{"title":"Nat\u00fcrliches Kaltgepresstes Leinsamen\u00f6l - 250 ml &#8212; OLLEO GROUP LTD","robots":{"index":"index","follow":"follow","max-snippet":"max-snippet:-1","max-image-preview":"max-image-preview:large","max-video-preview":"max-video-preview:-1"},"canonical":"https:\/\/olleo.be\/product\/huile-de-lin-pressee-a-froid-naturelle-250-ml\/","og_locale":"de_DE","og_type":"article","og_title":"Nat\u00fcrliches Kaltgepresstes Leinsamen\u00f6l - 250 ml","og_description":"Leinsamen\u00f6l ist bekannt f\u00fcr seine zahlreichen gesundheitlichen Vorteile. Das aus Leinsamen gewonnene \u00d6l wird aufgrund seiner magischen Wirkung auf den menschlichen K\u00f6rper als Essenz und Superfood betrachtet. Hier sind einige seiner Vorteile: Starke entz\u00fcndungshemmende, antibakterielle und antimykotische Wirkung Leberentgiftung Linderung von Gelenk- und Muskelschmerzen Beseitigung von Hautirritationen, Akne und Ausschl\u00e4gen Verbesserung der Blutzirkulation Verbesserung der [&hellip;]","og_url":"https:\/\/olleo.be\/product\/huile-de-lin-pressee-a-froid-naturelle-250-ml\/","og_site_name":"OLLEO GROUP LTD","article_modified_time":"2024-12-16T14:49:20+00:00","og_image":[{"width":1000,"height":1000,"url":"https:\/\/olleo.be\/wp-content\/uploads\/145.jpg","type":"image\/jpeg"}],"twitter_card":"summary_large_image","schema":{"@context":"https:\/\/schema.org","@graph":[{"@type":"WebPage","@id":"https:\/\/olleo.be\/product\/huile-de-lin-pressee-a-froid-naturelle-250-ml\/","url":"https:\/\/olleo.be\/product\/huile-de-lin-pressee-a-froid-naturelle-250-ml\/","name":"Nat\u00fcrliches Kaltgepresstes Leinsamen\u00f6l - 250 ml &#8212; OLLEO GROUP LTD","isPartOf":{"@id":"https:\/\/olleo.be\/#website"},"primaryImageOfPage":{"@id":"https:\/\/olleo.be\/product\/huile-de-lin-pressee-a-froid-naturelle-250-ml\/#primaryimage"},"image":{"@id":"https:\/\/olleo.be\/product\/huile-de-lin-pressee-a-froid-naturelle-250-ml\/#primaryimage"},"thumbnailUrl":"https:\/\/olleo.be\/wp-content\/uploads\/145.jpg","datePublished":"2024-12-11T10:15:11+00:00","dateModified":"2024-12-16T14:49:20+00:00","breadcrumb":{"@id":"https:\/\/olleo.be\/product\/huile-de-lin-pressee-a-froid-naturelle-250-ml\/#breadcrumb"},"inLanguage":"de","potentialAction":[{"@type":"ReadAction","target":["https:\/\/olleo.be\/product\/huile-de-lin-pressee-a-froid-naturelle-250-ml\/"]}]},{"@type":"ImageObject","inLanguage":"de","@id":"https:\/\/olleo.be\/product\/huile-de-lin-pressee-a-froid-naturelle-250-ml\/#primaryimage","url":"https:\/\/olleo.be\/wp-content\/uploads\/145.jpg","contentUrl":"https:\/\/olleo.be\/wp-content\/uploads\/145.jpg","width":1000,"height":1000},{"@type":"BreadcrumbList","@id":"https:\/\/olleo.be\/product\/huile-de-lin-pressee-a-froid-naturelle-250-ml\/#breadcrumb","itemListElement":[{"@type":"ListItem","position":1,"name":"Home","item":"https:\/\/olleo.be\/de\/"},{"@type":"ListItem","position":2,"name":"Shop","item":"https:\/\/olleo.be\/shop\/"},{"@type":"ListItem","position":3,"name":"Nat\u00fcrliches Kaltgepresstes Leinsamen\u00f6l &#8211; 250 ml"}]},{"@type":"WebSite","@id":"https:\/\/olleo.be\/#website","url":"https:\/\/olleo.be\/","name":"OLLEO GROUP LTD","description":"Kaltgepresste \u00d6le","potentialAction":[{"@type":"SearchAction","target":{"@type":"EntryPoint","urlTemplate":"https:\/\/olleo.be\/?s={search_term_string}"},"query-input":{"@type":"PropertyValueSpecification","valueRequired":true,"valueName":"search_term_string"}}],"inLanguage":"de"}]}},"_links":{"self":[{"href":"https:\/\/olleo.be\/de\/wp-json\/wp\/v2\/product\/87856","targetHints":{"allow":["GET"]}}],"collection":[{"href":"https:\/\/olleo.be\/de\/wp-json\/wp\/v2\/product"}],"about":[{"href":"https:\/\/olleo.be\/de\/wp-json\/wp\/v2\/types\/product"}],"replies":[{"embeddable":true,"href":"https:\/\/olleo.be\/de\/wp-json\/wp\/v2\/comments?post=87856"}],"wp:featuredmedia":[{"embeddable":true,"href":"https:\/\/olleo.be\/de\/wp-json\/wp\/v2\/media\/87466"}],"wp:attachment":[{"href":"https:\/\/olleo.be\/de\/wp-json\/wp\/v2\/media?parent=87856"}],"wp:term":[{"taxonomy":"product_cat","embeddable":true,"href":"https:\/\/olleo.be\/de\/wp-json\/wp\/v2\/product_cat?post=87856"},{"taxonomy":"product_tag","embeddable":true,"href":"https:\/\/olleo.be\/de\/wp-json\/wp\/v2\/product_tag?post=87856"},{"taxonomy":"prod_brand","embeddable":true,"href":"https:\/\/olleo.be\/de\/wp-json\/wp\/v2\/prod_brand?post=87856"},{"taxonomy":"prod_manufacturer","embeddable":true,"href":"https:\/\/olleo.be\/de\/wp-json\/wp\/v2\/prod_manufacturer?post=87856"},{"taxonomy":"prod_country","embeddable":true,"href":"https:\/\/olleo.be\/de\/wp-json\/wp\/v2\/prod_country?post=87856"},{"taxonomy":"prod_storage","embeddable":true,"href":"https:\/\/olleo.be\/de\/wp-json\/wp\/v2\/prod_storage?post=87856"}],"curies":[{"name":"wp","href":"https:\/\/api.w.org\/{rel}","templated":true}]}}