{"id":87850,"date":"2024-12-11T13:15:23","date_gmt":"2024-12-11T10:15:23","guid":{"rendered":"https:\/\/olleo.be\/product\/studeno-presovano-slanchogledovo-olio-s-chesan-250-ml\/"},"modified":"2024-12-16T17:48:05","modified_gmt":"2024-12-16T14:48:05","slug":"kaltgepresstes-sonnenblumenoel-mit-knoblauch-250-ml","status":"publish","type":"product","link":"https:\/\/olleo.be\/de\/product\/kaltgepresstes-sonnenblumenoel-mit-knoblauch-250-ml\/","title":{"rendered":"Kaltgepresstes Sonnenblumen\u00f6l mit Knoblauch &#8211; 250 ml"},"content":{"rendered":"<p>Das OLLEO Sonnenblumen\u00f6l wird vollst\u00e4ndig aus gesch\u00e4lten bulgarischen Sonnenblumenkernen durch Kaltpressung und feine Filtration ohne chemische Behandlung gewonnen. Aufgrund der niedrigen Extraktionstemperatur (nicht mehr als 45 \u00b0C) beh\u00e4lt unser Sonnenblumen\u00f6l 100% der n\u00fctzlichen Eigenschaften der Sonnenblumenkerne:<\/p>\n<ul>\n<li>Omega 3, 6, 9 Fetts\u00e4uren<\/li>\n<li>Vitamine E, A, D<\/li>\n<li>Mineralien Zink und Kalium<\/li>\n<li>s Aroma und Geschmack von Sonnenblumen<\/li>\n<\/ul>\n<p>Es eignet sich hervorragend f\u00fcr die Verwendung in verschiedenen Gerichten, einschlie\u00dflich Salaten, Saucen, Suppen, Gem\u00fcsecremes, Fleisch und Fisch. Nicht zum Braten, Kochen und Backen verwenden. Bei Temperaturen unter 20\u00b0C kann sich Sediment bilden.<\/p>\n","protected":false},"excerpt":{"rendered":"<p>Das OLLEO Sonnenblumen\u00f6l wird vollst\u00e4ndig aus gesch\u00e4lten bulgarischen Sonnenblumenkernen durch Kaltpressung und feine Filtration ohne chemische Behandlung gewonnen. Aufgrund der niedrigen Extraktionstemperatur (nicht mehr als 45 \u00b0C) beh\u00e4lt unser Sonnenblumen\u00f6l 100% der n\u00fctzlichen Eigenschaften der Sonnenblumenkerne: Omega 3, 6, 9 Fetts\u00e4uren Vitamine E, A, D Mineralien Zink und Kalium s Aroma und Geschmack von Sonnenblumen [&hellip;]<\/p>\n","protected":false},"featured_media":87458,"comment_status":"closed","ping_status":"closed","template":"","meta":[],"product_cat":[6897],"product_tag":[],"prod_brand":[],"prod_manufacturer":[6869],"prod_country":[6919],"prod_storage":[],"class_list":{"0":"post-87850","1":"product","2":"type-product","3":"status-publish","4":"has-post-thumbnail","6":"product_cat-kaltgepresste-oele-olleo","8":"first","9":"instock","10":"purchasable","11":"product-type-simple","12":"add-to-wishlist-after_add_to_cart"},"yoast_head":"<!-- This site is optimized with the Yoast SEO Premium plugin v23.2 (Yoast SEO v24.0) - https:\/\/yoast.com\/wordpress\/plugins\/seo\/ -->\n<title>Kaltgepresstes Sonnenblumen\u00f6l mit Knoblauch - 250 ml &#8212; OLLEO GROUP LTD<\/title>\n<meta name=\"robots\" content=\"index, follow, max-snippet:-1, max-image-preview:large, max-video-preview:-1\" \/>\n<link rel=\"canonical\" href=\"https:\/\/olleo.be\/product\/huile-de-tournesol-pressee-a-froid-avec-ail-250-ml\/\" \/>\n<meta property=\"og:locale\" content=\"de_DE\" \/>\n<meta property=\"og:type\" content=\"article\" \/>\n<meta property=\"og:title\" content=\"Kaltgepresstes Sonnenblumen\u00f6l mit Knoblauch - 250 ml\" \/>\n<meta property=\"og:description\" content=\"Das OLLEO Sonnenblumen\u00f6l wird vollst\u00e4ndig aus gesch\u00e4lten bulgarischen Sonnenblumenkernen durch Kaltpressung und feine Filtration ohne chemische Behandlung gewonnen. Aufgrund der niedrigen Extraktionstemperatur (nicht mehr als 45 \u00b0C) beh\u00e4lt unser Sonnenblumen\u00f6l 100% der n\u00fctzlichen Eigenschaften der Sonnenblumenkerne: Omega 3, 6, 9 Fetts\u00e4uren Vitamine E, A, D Mineralien Zink und Kalium s Aroma und Geschmack von Sonnenblumen [&hellip;]\" \/>\n<meta property=\"og:url\" content=\"https:\/\/olleo.be\/product\/huile-de-tournesol-pressee-a-froid-avec-ail-250-ml\/\" \/>\n<meta property=\"og:site_name\" content=\"OLLEO GROUP LTD\" \/>\n<meta property=\"article:modified_time\" content=\"2024-12-16T14:48:05+00:00\" \/>\n<meta property=\"og:image\" content=\"https:\/\/olleo.be\/wp-content\/uploads\/141.png\" \/>\n\t<meta property=\"og:image:width\" content=\"1000\" \/>\n\t<meta property=\"og:image:height\" content=\"1000\" \/>\n\t<meta property=\"og:image:type\" content=\"image\/png\" \/>\n<meta name=\"twitter:card\" content=\"summary_large_image\" \/>\n<script type=\"application\/ld+json\" class=\"yoast-schema-graph\">{\"@context\":\"https:\/\/schema.org\",\"@graph\":[{\"@type\":\"WebPage\",\"@id\":\"https:\/\/olleo.be\/product\/huile-de-tournesol-pressee-a-froid-avec-ail-250-ml\/\",\"url\":\"https:\/\/olleo.be\/product\/huile-de-tournesol-pressee-a-froid-avec-ail-250-ml\/\",\"name\":\"Kaltgepresstes Sonnenblumen\u00f6l mit Knoblauch - 250 ml &#8212; OLLEO GROUP LTD\",\"isPartOf\":{\"@id\":\"https:\/\/olleo.be\/#website\"},\"primaryImageOfPage\":{\"@id\":\"https:\/\/olleo.be\/product\/huile-de-tournesol-pressee-a-froid-avec-ail-250-ml\/#primaryimage\"},\"image\":{\"@id\":\"https:\/\/olleo.be\/product\/huile-de-tournesol-pressee-a-froid-avec-ail-250-ml\/#primaryimage\"},\"thumbnailUrl\":\"https:\/\/olleo.be\/wp-content\/uploads\/141.png\",\"datePublished\":\"2024-12-11T10:15:23+00:00\",\"dateModified\":\"2024-12-16T14:48:05+00:00\",\"breadcrumb\":{\"@id\":\"https:\/\/olleo.be\/product\/huile-de-tournesol-pressee-a-froid-avec-ail-250-ml\/#breadcrumb\"},\"inLanguage\":\"de\",\"potentialAction\":[{\"@type\":\"ReadAction\",\"target\":[\"https:\/\/olleo.be\/product\/huile-de-tournesol-pressee-a-froid-avec-ail-250-ml\/\"]}]},{\"@type\":\"ImageObject\",\"inLanguage\":\"de\",\"@id\":\"https:\/\/olleo.be\/product\/huile-de-tournesol-pressee-a-froid-avec-ail-250-ml\/#primaryimage\",\"url\":\"https:\/\/olleo.be\/wp-content\/uploads\/141.png\",\"contentUrl\":\"https:\/\/olleo.be\/wp-content\/uploads\/141.png\",\"width\":1000,\"height\":1000},{\"@type\":\"BreadcrumbList\",\"@id\":\"https:\/\/olleo.be\/product\/huile-de-tournesol-pressee-a-froid-avec-ail-250-ml\/#breadcrumb\",\"itemListElement\":[{\"@type\":\"ListItem\",\"position\":1,\"name\":\"Home\",\"item\":\"https:\/\/olleo.be\/de\/\"},{\"@type\":\"ListItem\",\"position\":2,\"name\":\"Shop\",\"item\":\"https:\/\/olleo.be\/shop\/\"},{\"@type\":\"ListItem\",\"position\":3,\"name\":\"Kaltgepresstes Sonnenblumen\u00f6l mit Knoblauch &#8211; 250 ml\"}]},{\"@type\":\"WebSite\",\"@id\":\"https:\/\/olleo.be\/#website\",\"url\":\"https:\/\/olleo.be\/\",\"name\":\"OLLEO GROUP LTD\",\"description\":\"Kaltgepresste \u00d6le\",\"potentialAction\":[{\"@type\":\"SearchAction\",\"target\":{\"@type\":\"EntryPoint\",\"urlTemplate\":\"https:\/\/olleo.be\/?s={search_term_string}\"},\"query-input\":{\"@type\":\"PropertyValueSpecification\",\"valueRequired\":true,\"valueName\":\"search_term_string\"}}],\"inLanguage\":\"de\"}]}<\/script>\n<!-- \/ Yoast SEO Premium plugin. -->","yoast_head_json":{"title":"Kaltgepresstes Sonnenblumen\u00f6l mit Knoblauch - 250 ml &#8212; OLLEO GROUP LTD","robots":{"index":"index","follow":"follow","max-snippet":"max-snippet:-1","max-image-preview":"max-image-preview:large","max-video-preview":"max-video-preview:-1"},"canonical":"https:\/\/olleo.be\/product\/huile-de-tournesol-pressee-a-froid-avec-ail-250-ml\/","og_locale":"de_DE","og_type":"article","og_title":"Kaltgepresstes Sonnenblumen\u00f6l mit Knoblauch - 250 ml","og_description":"Das OLLEO Sonnenblumen\u00f6l wird vollst\u00e4ndig aus gesch\u00e4lten bulgarischen Sonnenblumenkernen durch Kaltpressung und feine Filtration ohne chemische Behandlung gewonnen. Aufgrund der niedrigen Extraktionstemperatur (nicht mehr als 45 \u00b0C) beh\u00e4lt unser Sonnenblumen\u00f6l 100% der n\u00fctzlichen Eigenschaften der Sonnenblumenkerne: Omega 3, 6, 9 Fetts\u00e4uren Vitamine E, A, D Mineralien Zink und Kalium s Aroma und Geschmack von Sonnenblumen [&hellip;]","og_url":"https:\/\/olleo.be\/product\/huile-de-tournesol-pressee-a-froid-avec-ail-250-ml\/","og_site_name":"OLLEO GROUP LTD","article_modified_time":"2024-12-16T14:48:05+00:00","og_image":[{"width":1000,"height":1000,"url":"https:\/\/olleo.be\/wp-content\/uploads\/141.png","type":"image\/png"}],"twitter_card":"summary_large_image","schema":{"@context":"https:\/\/schema.org","@graph":[{"@type":"WebPage","@id":"https:\/\/olleo.be\/product\/huile-de-tournesol-pressee-a-froid-avec-ail-250-ml\/","url":"https:\/\/olleo.be\/product\/huile-de-tournesol-pressee-a-froid-avec-ail-250-ml\/","name":"Kaltgepresstes Sonnenblumen\u00f6l mit Knoblauch - 250 ml &#8212; OLLEO GROUP LTD","isPartOf":{"@id":"https:\/\/olleo.be\/#website"},"primaryImageOfPage":{"@id":"https:\/\/olleo.be\/product\/huile-de-tournesol-pressee-a-froid-avec-ail-250-ml\/#primaryimage"},"image":{"@id":"https:\/\/olleo.be\/product\/huile-de-tournesol-pressee-a-froid-avec-ail-250-ml\/#primaryimage"},"thumbnailUrl":"https:\/\/olleo.be\/wp-content\/uploads\/141.png","datePublished":"2024-12-11T10:15:23+00:00","dateModified":"2024-12-16T14:48:05+00:00","breadcrumb":{"@id":"https:\/\/olleo.be\/product\/huile-de-tournesol-pressee-a-froid-avec-ail-250-ml\/#breadcrumb"},"inLanguage":"de","potentialAction":[{"@type":"ReadAction","target":["https:\/\/olleo.be\/product\/huile-de-tournesol-pressee-a-froid-avec-ail-250-ml\/"]}]},{"@type":"ImageObject","inLanguage":"de","@id":"https:\/\/olleo.be\/product\/huile-de-tournesol-pressee-a-froid-avec-ail-250-ml\/#primaryimage","url":"https:\/\/olleo.be\/wp-content\/uploads\/141.png","contentUrl":"https:\/\/olleo.be\/wp-content\/uploads\/141.png","width":1000,"height":1000},{"@type":"BreadcrumbList","@id":"https:\/\/olleo.be\/product\/huile-de-tournesol-pressee-a-froid-avec-ail-250-ml\/#breadcrumb","itemListElement":[{"@type":"ListItem","position":1,"name":"Home","item":"https:\/\/olleo.be\/de\/"},{"@type":"ListItem","position":2,"name":"Shop","item":"https:\/\/olleo.be\/shop\/"},{"@type":"ListItem","position":3,"name":"Kaltgepresstes Sonnenblumen\u00f6l mit Knoblauch &#8211; 250 ml"}]},{"@type":"WebSite","@id":"https:\/\/olleo.be\/#website","url":"https:\/\/olleo.be\/","name":"OLLEO GROUP LTD","description":"Kaltgepresste \u00d6le","potentialAction":[{"@type":"SearchAction","target":{"@type":"EntryPoint","urlTemplate":"https:\/\/olleo.be\/?s={search_term_string}"},"query-input":{"@type":"PropertyValueSpecification","valueRequired":true,"valueName":"search_term_string"}}],"inLanguage":"de"}]}},"_links":{"self":[{"href":"https:\/\/olleo.be\/de\/wp-json\/wp\/v2\/product\/87850","targetHints":{"allow":["GET"]}}],"collection":[{"href":"https:\/\/olleo.be\/de\/wp-json\/wp\/v2\/product"}],"about":[{"href":"https:\/\/olleo.be\/de\/wp-json\/wp\/v2\/types\/product"}],"replies":[{"embeddable":true,"href":"https:\/\/olleo.be\/de\/wp-json\/wp\/v2\/comments?post=87850"}],"wp:featuredmedia":[{"embeddable":true,"href":"https:\/\/olleo.be\/de\/wp-json\/wp\/v2\/media\/87458"}],"wp:attachment":[{"href":"https:\/\/olleo.be\/de\/wp-json\/wp\/v2\/media?parent=87850"}],"wp:term":[{"taxonomy":"product_cat","embeddable":true,"href":"https:\/\/olleo.be\/de\/wp-json\/wp\/v2\/product_cat?post=87850"},{"taxonomy":"product_tag","embeddable":true,"href":"https:\/\/olleo.be\/de\/wp-json\/wp\/v2\/product_tag?post=87850"},{"taxonomy":"prod_brand","embeddable":true,"href":"https:\/\/olleo.be\/de\/wp-json\/wp\/v2\/prod_brand?post=87850"},{"taxonomy":"prod_manufacturer","embeddable":true,"href":"https:\/\/olleo.be\/de\/wp-json\/wp\/v2\/prod_manufacturer?post=87850"},{"taxonomy":"prod_country","embeddable":true,"href":"https:\/\/olleo.be\/de\/wp-json\/wp\/v2\/prod_country?post=87850"},{"taxonomy":"prod_storage","embeddable":true,"href":"https:\/\/olleo.be\/de\/wp-json\/wp\/v2\/prod_storage?post=87850"}],"curies":[{"name":"wp","href":"https:\/\/api.w.org\/{rel}","templated":true}]}}