{"id":87842,"date":"2024-12-11T13:15:52","date_gmt":"2024-12-11T10:15:52","guid":{"rendered":"https:\/\/olleo.be\/product\/soev-sos\/"},"modified":"2024-12-16T17:47:13","modified_gmt":"2024-12-16T14:47:13","slug":"sojasauce","status":"publish","type":"product","link":"https:\/\/olleo.be\/de\/product\/sojasauce\/","title":{"rendered":"Sojasauce"},"content":{"rendered":"<p>Sojasauce hat einen hohen Salzgehalt, wobei eine Portion etwa 38 % des empfohlenen Tagesbedarfs enth\u00e4lt. Obwohl Sojasauce einen hohen Anteil an Proteinen und Kohlenhydraten aufweist, ist sie keine bedeutende Quelle f\u00fcr andere wichtige N\u00e4hrstoffe.<\/p>\n","protected":false},"excerpt":{"rendered":"<p>Sojasauce hat einen hohen Salzgehalt, wobei eine Portion etwa 38 % des empfohlenen Tagesbedarfs enth\u00e4lt. Obwohl Sojasauce einen hohen Anteil an Proteinen und Kohlenhydraten aufweist, ist sie keine bedeutende Quelle f\u00fcr andere wichtige N\u00e4hrstoffe.<\/p>\n","protected":false},"featured_media":87452,"comment_status":"closed","ping_status":"closed","template":"","meta":[],"product_cat":[6897],"product_tag":[],"prod_brand":[],"prod_manufacturer":[6869],"prod_country":[6919],"prod_storage":[],"class_list":{"0":"post-87842","1":"product","2":"type-product","3":"status-publish","4":"has-post-thumbnail","6":"product_cat-kaltgepresste-oele-olleo","8":"first","9":"instock","10":"purchasable","11":"product-type-variable","12":"has-default-attributes","13":"add-to-wishlist-after_add_to_cart"},"yoast_head":"<!-- This site is optimized with the Yoast SEO Premium plugin v23.2 (Yoast SEO v24.0) - https:\/\/yoast.com\/wordpress\/plugins\/seo\/ -->\n<title>Sojasauce &#8212; OLLEO GROUP LTD<\/title>\n<meta name=\"robots\" content=\"index, follow, max-snippet:-1, max-image-preview:large, max-video-preview:-1\" \/>\n<link rel=\"canonical\" href=\"https:\/\/olleo.be\/product\/sauce-soja\/\" \/>\n<meta property=\"og:locale\" content=\"de_DE\" \/>\n<meta property=\"og:type\" content=\"article\" \/>\n<meta property=\"og:title\" content=\"Sojasauce\" \/>\n<meta property=\"og:description\" content=\"Sojasauce hat einen hohen Salzgehalt, wobei eine Portion etwa 38 % des empfohlenen Tagesbedarfs enth\u00e4lt. Obwohl Sojasauce einen hohen Anteil an Proteinen und Kohlenhydraten aufweist, ist sie keine bedeutende Quelle f\u00fcr andere wichtige N\u00e4hrstoffe.\" \/>\n<meta property=\"og:url\" content=\"https:\/\/olleo.be\/product\/sauce-soja\/\" \/>\n<meta property=\"og:site_name\" content=\"OLLEO GROUP LTD\" \/>\n<meta property=\"article:modified_time\" content=\"2024-12-16T14:47:13+00:00\" \/>\n<meta property=\"og:image\" content=\"https:\/\/olleo.be\/wp-content\/uploads\/109.png\" \/>\n\t<meta property=\"og:image:width\" content=\"294\" \/>\n\t<meta property=\"og:image:height\" content=\"288\" \/>\n\t<meta property=\"og:image:type\" content=\"image\/png\" \/>\n<meta name=\"twitter:card\" content=\"summary_large_image\" \/>\n<script type=\"application\/ld+json\" class=\"yoast-schema-graph\">{\"@context\":\"https:\/\/schema.org\",\"@graph\":[{\"@type\":\"WebPage\",\"@id\":\"https:\/\/olleo.be\/product\/sauce-soja\/\",\"url\":\"https:\/\/olleo.be\/product\/sauce-soja\/\",\"name\":\"Sojasauce &#8212; OLLEO GROUP LTD\",\"isPartOf\":{\"@id\":\"https:\/\/olleo.be\/#website\"},\"primaryImageOfPage\":{\"@id\":\"https:\/\/olleo.be\/product\/sauce-soja\/#primaryimage\"},\"image\":{\"@id\":\"https:\/\/olleo.be\/product\/sauce-soja\/#primaryimage\"},\"thumbnailUrl\":\"https:\/\/olleo.be\/wp-content\/uploads\/109.png\",\"datePublished\":\"2024-12-11T10:15:52+00:00\",\"dateModified\":\"2024-12-16T14:47:13+00:00\",\"breadcrumb\":{\"@id\":\"https:\/\/olleo.be\/product\/sauce-soja\/#breadcrumb\"},\"inLanguage\":\"de\",\"potentialAction\":[{\"@type\":\"ReadAction\",\"target\":[\"https:\/\/olleo.be\/product\/sauce-soja\/\"]}]},{\"@type\":\"ImageObject\",\"inLanguage\":\"de\",\"@id\":\"https:\/\/olleo.be\/product\/sauce-soja\/#primaryimage\",\"url\":\"https:\/\/olleo.be\/wp-content\/uploads\/109.png\",\"contentUrl\":\"https:\/\/olleo.be\/wp-content\/uploads\/109.png\",\"width\":294,\"height\":288},{\"@type\":\"BreadcrumbList\",\"@id\":\"https:\/\/olleo.be\/product\/sauce-soja\/#breadcrumb\",\"itemListElement\":[{\"@type\":\"ListItem\",\"position\":1,\"name\":\"Home\",\"item\":\"https:\/\/olleo.be\/de\/\"},{\"@type\":\"ListItem\",\"position\":2,\"name\":\"Shop\",\"item\":\"https:\/\/olleo.be\/shop\/\"},{\"@type\":\"ListItem\",\"position\":3,\"name\":\"Sojasauce\"}]},{\"@type\":\"WebSite\",\"@id\":\"https:\/\/olleo.be\/#website\",\"url\":\"https:\/\/olleo.be\/\",\"name\":\"OLLEO GROUP LTD\",\"description\":\"Kaltgepresste \u00d6le\",\"potentialAction\":[{\"@type\":\"SearchAction\",\"target\":{\"@type\":\"EntryPoint\",\"urlTemplate\":\"https:\/\/olleo.be\/?s={search_term_string}\"},\"query-input\":{\"@type\":\"PropertyValueSpecification\",\"valueRequired\":true,\"valueName\":\"search_term_string\"}}],\"inLanguage\":\"de\"}]}<\/script>\n<!-- \/ Yoast SEO Premium plugin. -->","yoast_head_json":{"title":"Sojasauce &#8212; OLLEO GROUP LTD","robots":{"index":"index","follow":"follow","max-snippet":"max-snippet:-1","max-image-preview":"max-image-preview:large","max-video-preview":"max-video-preview:-1"},"canonical":"https:\/\/olleo.be\/product\/sauce-soja\/","og_locale":"de_DE","og_type":"article","og_title":"Sojasauce","og_description":"Sojasauce hat einen hohen Salzgehalt, wobei eine Portion etwa 38 % des empfohlenen Tagesbedarfs enth\u00e4lt. Obwohl Sojasauce einen hohen Anteil an Proteinen und Kohlenhydraten aufweist, ist sie keine bedeutende Quelle f\u00fcr andere wichtige N\u00e4hrstoffe.","og_url":"https:\/\/olleo.be\/product\/sauce-soja\/","og_site_name":"OLLEO GROUP LTD","article_modified_time":"2024-12-16T14:47:13+00:00","og_image":[{"width":294,"height":288,"url":"https:\/\/olleo.be\/wp-content\/uploads\/109.png","type":"image\/png"}],"twitter_card":"summary_large_image","schema":{"@context":"https:\/\/schema.org","@graph":[{"@type":"WebPage","@id":"https:\/\/olleo.be\/product\/sauce-soja\/","url":"https:\/\/olleo.be\/product\/sauce-soja\/","name":"Sojasauce &#8212; OLLEO GROUP LTD","isPartOf":{"@id":"https:\/\/olleo.be\/#website"},"primaryImageOfPage":{"@id":"https:\/\/olleo.be\/product\/sauce-soja\/#primaryimage"},"image":{"@id":"https:\/\/olleo.be\/product\/sauce-soja\/#primaryimage"},"thumbnailUrl":"https:\/\/olleo.be\/wp-content\/uploads\/109.png","datePublished":"2024-12-11T10:15:52+00:00","dateModified":"2024-12-16T14:47:13+00:00","breadcrumb":{"@id":"https:\/\/olleo.be\/product\/sauce-soja\/#breadcrumb"},"inLanguage":"de","potentialAction":[{"@type":"ReadAction","target":["https:\/\/olleo.be\/product\/sauce-soja\/"]}]},{"@type":"ImageObject","inLanguage":"de","@id":"https:\/\/olleo.be\/product\/sauce-soja\/#primaryimage","url":"https:\/\/olleo.be\/wp-content\/uploads\/109.png","contentUrl":"https:\/\/olleo.be\/wp-content\/uploads\/109.png","width":294,"height":288},{"@type":"BreadcrumbList","@id":"https:\/\/olleo.be\/product\/sauce-soja\/#breadcrumb","itemListElement":[{"@type":"ListItem","position":1,"name":"Home","item":"https:\/\/olleo.be\/de\/"},{"@type":"ListItem","position":2,"name":"Shop","item":"https:\/\/olleo.be\/shop\/"},{"@type":"ListItem","position":3,"name":"Sojasauce"}]},{"@type":"WebSite","@id":"https:\/\/olleo.be\/#website","url":"https:\/\/olleo.be\/","name":"OLLEO GROUP LTD","description":"Kaltgepresste \u00d6le","potentialAction":[{"@type":"SearchAction","target":{"@type":"EntryPoint","urlTemplate":"https:\/\/olleo.be\/?s={search_term_string}"},"query-input":{"@type":"PropertyValueSpecification","valueRequired":true,"valueName":"search_term_string"}}],"inLanguage":"de"}]}},"_links":{"self":[{"href":"https:\/\/olleo.be\/de\/wp-json\/wp\/v2\/product\/87842","targetHints":{"allow":["GET"]}}],"collection":[{"href":"https:\/\/olleo.be\/de\/wp-json\/wp\/v2\/product"}],"about":[{"href":"https:\/\/olleo.be\/de\/wp-json\/wp\/v2\/types\/product"}],"replies":[{"embeddable":true,"href":"https:\/\/olleo.be\/de\/wp-json\/wp\/v2\/comments?post=87842"}],"wp:featuredmedia":[{"embeddable":true,"href":"https:\/\/olleo.be\/de\/wp-json\/wp\/v2\/media\/87452"}],"wp:attachment":[{"href":"https:\/\/olleo.be\/de\/wp-json\/wp\/v2\/media?parent=87842"}],"wp:term":[{"taxonomy":"product_cat","embeddable":true,"href":"https:\/\/olleo.be\/de\/wp-json\/wp\/v2\/product_cat?post=87842"},{"taxonomy":"product_tag","embeddable":true,"href":"https:\/\/olleo.be\/de\/wp-json\/wp\/v2\/product_tag?post=87842"},{"taxonomy":"prod_brand","embeddable":true,"href":"https:\/\/olleo.be\/de\/wp-json\/wp\/v2\/prod_brand?post=87842"},{"taxonomy":"prod_manufacturer","embeddable":true,"href":"https:\/\/olleo.be\/de\/wp-json\/wp\/v2\/prod_manufacturer?post=87842"},{"taxonomy":"prod_country","embeddable":true,"href":"https:\/\/olleo.be\/de\/wp-json\/wp\/v2\/prod_country?post=87842"},{"taxonomy":"prod_storage","embeddable":true,"href":"https:\/\/olleo.be\/de\/wp-json\/wp\/v2\/prod_storage?post=87842"}],"curies":[{"name":"wp","href":"https:\/\/api.w.org\/{rel}","templated":true}]}}