{"id":87836,"date":"2024-12-11T13:35:14","date_gmt":"2024-12-11T10:35:14","guid":{"rendered":"https:\/\/olleo.be\/product\/balsamov-otset\/"},"modified":"2024-12-16T17:46:59","modified_gmt":"2024-12-16T14:46:59","slug":"balsamico-essig","status":"publish","type":"product","link":"https:\/\/olleo.be\/de\/product\/balsamico-essig\/","title":{"rendered":"Balsamico-Essig"},"content":{"rendered":"<p>Balsamico-Essig ist eine reiche Quelle an Antioxidantien und Bioflavonoiden, die zahlreiche gesundheitliche Vorteile bieten. Der regelm\u00e4\u00dfige Verzehr von Balsamico-Essig kann das Risiko f\u00fcr Herz-Kreislauf-Erkrankungen, Diabetes, Schlaganfall, Alzheimer und helfen, den Blutdruck zu regulieren.<\/p>\n","protected":false},"excerpt":{"rendered":"<p>Balsamico-Essig ist eine reiche Quelle an Antioxidantien und Bioflavonoiden, die zahlreiche gesundheitliche Vorteile bieten. Der regelm\u00e4\u00dfige Verzehr von Balsamico-Essig kann das Risiko f\u00fcr Herz-Kreislauf-Erkrankungen, Diabetes, Schlaganfall, Alzheimer und helfen, den Blutdruck zu regulieren.<\/p>\n","protected":false},"featured_media":87442,"comment_status":"closed","ping_status":"closed","template":"","meta":[],"product_cat":[6897],"product_tag":[],"prod_brand":[],"prod_manufacturer":[6869],"prod_country":[6919],"prod_storage":[],"class_list":{"0":"post-87836","1":"product","2":"type-product","3":"status-publish","4":"has-post-thumbnail","6":"product_cat-kaltgepresste-oele-olleo","8":"first","9":"instock","10":"purchasable","11":"product-type-variable","12":"has-default-attributes","13":"add-to-wishlist-after_add_to_cart"},"yoast_head":"<!-- This site is optimized with the Yoast SEO Premium plugin v23.2 (Yoast SEO v24.0) - https:\/\/yoast.com\/wordpress\/plugins\/seo\/ -->\n<title>Balsamico-Essig &#8212; OLLEO GROUP LTD<\/title>\n<meta name=\"robots\" content=\"index, follow, max-snippet:-1, max-image-preview:large, max-video-preview:-1\" \/>\n<link rel=\"canonical\" href=\"https:\/\/olleo.be\/product\/vinaigre-balsamique\/\" \/>\n<meta property=\"og:locale\" content=\"de_DE\" \/>\n<meta property=\"og:type\" content=\"article\" \/>\n<meta property=\"og:title\" content=\"Balsamico-Essig\" \/>\n<meta property=\"og:description\" content=\"Balsamico-Essig ist eine reiche Quelle an Antioxidantien und Bioflavonoiden, die zahlreiche gesundheitliche Vorteile bieten. Der regelm\u00e4\u00dfige Verzehr von Balsamico-Essig kann das Risiko f\u00fcr Herz-Kreislauf-Erkrankungen, Diabetes, Schlaganfall, Alzheimer und helfen, den Blutdruck zu regulieren.\" \/>\n<meta property=\"og:url\" content=\"https:\/\/olleo.be\/product\/vinaigre-balsamique\/\" \/>\n<meta property=\"og:site_name\" content=\"OLLEO GROUP LTD\" \/>\n<meta property=\"article:modified_time\" content=\"2024-12-16T14:46:59+00:00\" \/>\n<meta property=\"og:image\" content=\"https:\/\/olleo.be\/wp-content\/uploads\/102.png\" \/>\n\t<meta property=\"og:image:width\" content=\"297\" \/>\n\t<meta property=\"og:image:height\" content=\"296\" \/>\n\t<meta property=\"og:image:type\" content=\"image\/png\" \/>\n<meta name=\"twitter:card\" content=\"summary_large_image\" \/>\n<script type=\"application\/ld+json\" class=\"yoast-schema-graph\">{\"@context\":\"https:\/\/schema.org\",\"@graph\":[{\"@type\":\"WebPage\",\"@id\":\"https:\/\/olleo.be\/product\/vinaigre-balsamique\/\",\"url\":\"https:\/\/olleo.be\/product\/vinaigre-balsamique\/\",\"name\":\"Balsamico-Essig &#8212; OLLEO GROUP LTD\",\"isPartOf\":{\"@id\":\"https:\/\/olleo.be\/#website\"},\"primaryImageOfPage\":{\"@id\":\"https:\/\/olleo.be\/product\/vinaigre-balsamique\/#primaryimage\"},\"image\":{\"@id\":\"https:\/\/olleo.be\/product\/vinaigre-balsamique\/#primaryimage\"},\"thumbnailUrl\":\"https:\/\/olleo.be\/wp-content\/uploads\/102.png\",\"datePublished\":\"2024-12-11T10:35:14+00:00\",\"dateModified\":\"2024-12-16T14:46:59+00:00\",\"breadcrumb\":{\"@id\":\"https:\/\/olleo.be\/product\/vinaigre-balsamique\/#breadcrumb\"},\"inLanguage\":\"de\",\"potentialAction\":[{\"@type\":\"ReadAction\",\"target\":[\"https:\/\/olleo.be\/product\/vinaigre-balsamique\/\"]}]},{\"@type\":\"ImageObject\",\"inLanguage\":\"de\",\"@id\":\"https:\/\/olleo.be\/product\/vinaigre-balsamique\/#primaryimage\",\"url\":\"https:\/\/olleo.be\/wp-content\/uploads\/102.png\",\"contentUrl\":\"https:\/\/olleo.be\/wp-content\/uploads\/102.png\",\"width\":297,\"height\":296},{\"@type\":\"BreadcrumbList\",\"@id\":\"https:\/\/olleo.be\/product\/vinaigre-balsamique\/#breadcrumb\",\"itemListElement\":[{\"@type\":\"ListItem\",\"position\":1,\"name\":\"Home\",\"item\":\"https:\/\/olleo.be\/de\/\"},{\"@type\":\"ListItem\",\"position\":2,\"name\":\"Shop\",\"item\":\"https:\/\/olleo.be\/shop\/\"},{\"@type\":\"ListItem\",\"position\":3,\"name\":\"Balsamico-Essig\"}]},{\"@type\":\"WebSite\",\"@id\":\"https:\/\/olleo.be\/#website\",\"url\":\"https:\/\/olleo.be\/\",\"name\":\"OLLEO GROUP LTD\",\"description\":\"Kaltgepresste \u00d6le\",\"potentialAction\":[{\"@type\":\"SearchAction\",\"target\":{\"@type\":\"EntryPoint\",\"urlTemplate\":\"https:\/\/olleo.be\/?s={search_term_string}\"},\"query-input\":{\"@type\":\"PropertyValueSpecification\",\"valueRequired\":true,\"valueName\":\"search_term_string\"}}],\"inLanguage\":\"de\"}]}<\/script>\n<!-- \/ Yoast SEO Premium plugin. -->","yoast_head_json":{"title":"Balsamico-Essig &#8212; OLLEO GROUP LTD","robots":{"index":"index","follow":"follow","max-snippet":"max-snippet:-1","max-image-preview":"max-image-preview:large","max-video-preview":"max-video-preview:-1"},"canonical":"https:\/\/olleo.be\/product\/vinaigre-balsamique\/","og_locale":"de_DE","og_type":"article","og_title":"Balsamico-Essig","og_description":"Balsamico-Essig ist eine reiche Quelle an Antioxidantien und Bioflavonoiden, die zahlreiche gesundheitliche Vorteile bieten. Der regelm\u00e4\u00dfige Verzehr von Balsamico-Essig kann das Risiko f\u00fcr Herz-Kreislauf-Erkrankungen, Diabetes, Schlaganfall, Alzheimer und helfen, den Blutdruck zu regulieren.","og_url":"https:\/\/olleo.be\/product\/vinaigre-balsamique\/","og_site_name":"OLLEO GROUP LTD","article_modified_time":"2024-12-16T14:46:59+00:00","og_image":[{"width":297,"height":296,"url":"https:\/\/olleo.be\/wp-content\/uploads\/102.png","type":"image\/png"}],"twitter_card":"summary_large_image","schema":{"@context":"https:\/\/schema.org","@graph":[{"@type":"WebPage","@id":"https:\/\/olleo.be\/product\/vinaigre-balsamique\/","url":"https:\/\/olleo.be\/product\/vinaigre-balsamique\/","name":"Balsamico-Essig &#8212; OLLEO GROUP LTD","isPartOf":{"@id":"https:\/\/olleo.be\/#website"},"primaryImageOfPage":{"@id":"https:\/\/olleo.be\/product\/vinaigre-balsamique\/#primaryimage"},"image":{"@id":"https:\/\/olleo.be\/product\/vinaigre-balsamique\/#primaryimage"},"thumbnailUrl":"https:\/\/olleo.be\/wp-content\/uploads\/102.png","datePublished":"2024-12-11T10:35:14+00:00","dateModified":"2024-12-16T14:46:59+00:00","breadcrumb":{"@id":"https:\/\/olleo.be\/product\/vinaigre-balsamique\/#breadcrumb"},"inLanguage":"de","potentialAction":[{"@type":"ReadAction","target":["https:\/\/olleo.be\/product\/vinaigre-balsamique\/"]}]},{"@type":"ImageObject","inLanguage":"de","@id":"https:\/\/olleo.be\/product\/vinaigre-balsamique\/#primaryimage","url":"https:\/\/olleo.be\/wp-content\/uploads\/102.png","contentUrl":"https:\/\/olleo.be\/wp-content\/uploads\/102.png","width":297,"height":296},{"@type":"BreadcrumbList","@id":"https:\/\/olleo.be\/product\/vinaigre-balsamique\/#breadcrumb","itemListElement":[{"@type":"ListItem","position":1,"name":"Home","item":"https:\/\/olleo.be\/de\/"},{"@type":"ListItem","position":2,"name":"Shop","item":"https:\/\/olleo.be\/shop\/"},{"@type":"ListItem","position":3,"name":"Balsamico-Essig"}]},{"@type":"WebSite","@id":"https:\/\/olleo.be\/#website","url":"https:\/\/olleo.be\/","name":"OLLEO GROUP LTD","description":"Kaltgepresste \u00d6le","potentialAction":[{"@type":"SearchAction","target":{"@type":"EntryPoint","urlTemplate":"https:\/\/olleo.be\/?s={search_term_string}"},"query-input":{"@type":"PropertyValueSpecification","valueRequired":true,"valueName":"search_term_string"}}],"inLanguage":"de"}]}},"_links":{"self":[{"href":"https:\/\/olleo.be\/de\/wp-json\/wp\/v2\/product\/87836","targetHints":{"allow":["GET"]}}],"collection":[{"href":"https:\/\/olleo.be\/de\/wp-json\/wp\/v2\/product"}],"about":[{"href":"https:\/\/olleo.be\/de\/wp-json\/wp\/v2\/types\/product"}],"replies":[{"embeddable":true,"href":"https:\/\/olleo.be\/de\/wp-json\/wp\/v2\/comments?post=87836"}],"wp:featuredmedia":[{"embeddable":true,"href":"https:\/\/olleo.be\/de\/wp-json\/wp\/v2\/media\/87442"}],"wp:attachment":[{"href":"https:\/\/olleo.be\/de\/wp-json\/wp\/v2\/media?parent=87836"}],"wp:term":[{"taxonomy":"product_cat","embeddable":true,"href":"https:\/\/olleo.be\/de\/wp-json\/wp\/v2\/product_cat?post=87836"},{"taxonomy":"product_tag","embeddable":true,"href":"https:\/\/olleo.be\/de\/wp-json\/wp\/v2\/product_tag?post=87836"},{"taxonomy":"prod_brand","embeddable":true,"href":"https:\/\/olleo.be\/de\/wp-json\/wp\/v2\/prod_brand?post=87836"},{"taxonomy":"prod_manufacturer","embeddable":true,"href":"https:\/\/olleo.be\/de\/wp-json\/wp\/v2\/prod_manufacturer?post=87836"},{"taxonomy":"prod_country","embeddable":true,"href":"https:\/\/olleo.be\/de\/wp-json\/wp\/v2\/prod_country?post=87836"},{"taxonomy":"prod_storage","embeddable":true,"href":"https:\/\/olleo.be\/de\/wp-json\/wp\/v2\/prod_storage?post=87836"}],"curies":[{"name":"wp","href":"https:\/\/api.w.org\/{rel}","templated":true}]}}