{"id":87806,"date":"2024-12-11T13:47:43","date_gmt":"2024-12-11T10:47:43","guid":{"rendered":"https:\/\/olleo.be\/product\/slanchogledov-protein-s-shokolad-300gr\/"},"modified":"2024-12-16T16:49:33","modified_gmt":"2024-12-16T13:49:33","slug":"sonnenblumenprotein-mit-schokolade-300g","status":"publish","type":"product","link":"https:\/\/olleo.be\/de\/product\/sonnenblumenprotein-mit-schokolade-300g\/","title":{"rendered":"Sonnenblumenprotein mit Schokolade 300g"},"content":{"rendered":"<p>Das Sonnenblumenprotein bietet viele Vorteile als exzellente Quelle pflanzlicher Eiwei\u00dfe. Es wird aus sorgf\u00e4ltig ausgew\u00e4hlten Sonnenblumenkernen hergestellt, was ihm einen hohen Gehalt an Ballaststoffen verleiht. Dieses Protein ist besonders n\u00fctzlich f\u00fcr das Wachstum und die Erhaltung der Muskelmasse sowie f\u00fcr die Erhaltung der Knochengesundheit. Es l\u00e4sst sich leicht mit Wasser und Milch mischen oder in verschiedene Breie und Desserts einf\u00fcgen, was es zu einer idealen Wahl macht, um die ben\u00f6tigten Eiwei\u00dfe zu jeder Tageszeit zu liefern.<\/p>\n<ul>\n<li>57 g Eiwei\u00df pro 100 g Produkt<\/li>\n<li>Frei von Allergenen<\/li>\n<li>Frei von GVO<\/li>\n<li>Vegan<\/li>\n<li>Frei von Chemikalien und Pestiziden<\/li>\n<li>Mechanisch extrahiert<\/li>\n<\/ul>\n<p><strong>Dosierung<\/strong>: Mischen Sie 1 L\u00f6ffel (30 g) mit 200 ml Wasser. 1-2 Mal t\u00e4glich konsumieren.<br \/>\n<strong>Warnung<\/strong>: \u00dcberschreiten Sie nicht die empfohlene Tagesdosis. Dieses Produkt ist kein Ersatz f\u00fcr eine abwechslungsreiche und ausgewogene Ern\u00e4hrung. Nicht f\u00fcr Kinder geeignet. Schwangere und stillende Frauen sollten vor der Anwendung dieses Produkts ihren Arzt konsultieren. An einem trockenen Ort, gesch\u00fctzt vor direkter Sonneneinstrahlung aufbewahren. Au\u00dferhalb der Reichweite von Kindern aufbewahren.<\/p>\n","protected":false},"excerpt":{"rendered":"<p>Das Sonnenblumenprotein bietet viele Vorteile als exzellente Quelle pflanzlicher Eiwei\u00dfe. Es wird aus sorgf\u00e4ltig ausgew\u00e4hlten Sonnenblumenkernen hergestellt, was ihm einen hohen Gehalt an Ballaststoffen verleiht. Dieses Protein ist besonders n\u00fctzlich f\u00fcr das Wachstum und die Erhaltung der Muskelmasse sowie f\u00fcr die Erhaltung der Knochengesundheit. Es l\u00e4sst sich leicht mit Wasser und Milch mischen oder in [&hellip;]<\/p>\n","protected":false},"featured_media":87502,"comment_status":"closed","ping_status":"closed","template":"","meta":[],"product_cat":[6895],"product_tag":[],"prod_brand":[],"prod_manufacturer":[6862],"prod_country":[6919],"prod_storage":[],"class_list":{"0":"post-87806","1":"product","2":"type-product","3":"status-publish","4":"has-post-thumbnail","6":"product_cat-sonnenblumenproteine","8":"first","9":"instock","10":"purchasable","11":"product-type-simple","12":"add-to-wishlist-after_add_to_cart"},"yoast_head":"<!-- This site is optimized with the Yoast SEO Premium plugin v23.2 (Yoast SEO v24.0) - https:\/\/yoast.com\/wordpress\/plugins\/seo\/ -->\n<title>Sonnenblumenprotein mit Schokolade 300g &#8212; OLLEO GROUP LTD<\/title>\n<meta name=\"robots\" content=\"index, follow, max-snippet:-1, max-image-preview:large, max-video-preview:-1\" \/>\n<link rel=\"canonical\" href=\"https:\/\/olleo.be\/product\/proteine-de-tournesol-au-chocolat-300g\/\" \/>\n<meta property=\"og:locale\" content=\"de_DE\" \/>\n<meta property=\"og:type\" content=\"article\" \/>\n<meta property=\"og:title\" content=\"Sonnenblumenprotein mit Schokolade 300g\" \/>\n<meta property=\"og:description\" content=\"Das Sonnenblumenprotein bietet viele Vorteile als exzellente Quelle pflanzlicher Eiwei\u00dfe. Es wird aus sorgf\u00e4ltig ausgew\u00e4hlten Sonnenblumenkernen hergestellt, was ihm einen hohen Gehalt an Ballaststoffen verleiht. Dieses Protein ist besonders n\u00fctzlich f\u00fcr das Wachstum und die Erhaltung der Muskelmasse sowie f\u00fcr die Erhaltung der Knochengesundheit. Es l\u00e4sst sich leicht mit Wasser und Milch mischen oder in [&hellip;]\" \/>\n<meta property=\"og:url\" content=\"https:\/\/olleo.be\/product\/proteine-de-tournesol-au-chocolat-300g\/\" \/>\n<meta property=\"og:site_name\" content=\"OLLEO GROUP LTD\" \/>\n<meta property=\"article:modified_time\" content=\"2024-12-16T13:49:33+00:00\" \/>\n<meta property=\"og:image\" content=\"https:\/\/olleo.be\/wp-content\/uploads\/138.jpg\" \/>\n\t<meta property=\"og:image:width\" content=\"1000\" \/>\n\t<meta property=\"og:image:height\" content=\"669\" \/>\n\t<meta property=\"og:image:type\" content=\"image\/jpeg\" \/>\n<meta name=\"twitter:card\" content=\"summary_large_image\" \/>\n<meta name=\"twitter:label1\" content=\"Gesch\u00e4tzte Lesezeit\" \/>\n\t<meta name=\"twitter:data1\" content=\"1\u00a0Minute\" \/>\n<script type=\"application\/ld+json\" class=\"yoast-schema-graph\">{\"@context\":\"https:\/\/schema.org\",\"@graph\":[{\"@type\":\"WebPage\",\"@id\":\"https:\/\/olleo.be\/product\/proteine-de-tournesol-au-chocolat-300g\/\",\"url\":\"https:\/\/olleo.be\/product\/proteine-de-tournesol-au-chocolat-300g\/\",\"name\":\"Sonnenblumenprotein mit Schokolade 300g &#8212; OLLEO GROUP LTD\",\"isPartOf\":{\"@id\":\"https:\/\/olleo.be\/#website\"},\"primaryImageOfPage\":{\"@id\":\"https:\/\/olleo.be\/product\/proteine-de-tournesol-au-chocolat-300g\/#primaryimage\"},\"image\":{\"@id\":\"https:\/\/olleo.be\/product\/proteine-de-tournesol-au-chocolat-300g\/#primaryimage\"},\"thumbnailUrl\":\"https:\/\/olleo.be\/wp-content\/uploads\/138.jpg\",\"datePublished\":\"2024-12-11T10:47:43+00:00\",\"dateModified\":\"2024-12-16T13:49:33+00:00\",\"breadcrumb\":{\"@id\":\"https:\/\/olleo.be\/product\/proteine-de-tournesol-au-chocolat-300g\/#breadcrumb\"},\"inLanguage\":\"de\",\"potentialAction\":[{\"@type\":\"ReadAction\",\"target\":[\"https:\/\/olleo.be\/product\/proteine-de-tournesol-au-chocolat-300g\/\"]}]},{\"@type\":\"ImageObject\",\"inLanguage\":\"de\",\"@id\":\"https:\/\/olleo.be\/product\/proteine-de-tournesol-au-chocolat-300g\/#primaryimage\",\"url\":\"https:\/\/olleo.be\/wp-content\/uploads\/138.jpg\",\"contentUrl\":\"https:\/\/olleo.be\/wp-content\/uploads\/138.jpg\",\"width\":1000,\"height\":669},{\"@type\":\"BreadcrumbList\",\"@id\":\"https:\/\/olleo.be\/product\/proteine-de-tournesol-au-chocolat-300g\/#breadcrumb\",\"itemListElement\":[{\"@type\":\"ListItem\",\"position\":1,\"name\":\"Home\",\"item\":\"https:\/\/olleo.be\/de\/\"},{\"@type\":\"ListItem\",\"position\":2,\"name\":\"Shop\",\"item\":\"https:\/\/olleo.be\/shop\/\"},{\"@type\":\"ListItem\",\"position\":3,\"name\":\"Sonnenblumenprotein mit Schokolade 300g\"}]},{\"@type\":\"WebSite\",\"@id\":\"https:\/\/olleo.be\/#website\",\"url\":\"https:\/\/olleo.be\/\",\"name\":\"OLLEO GROUP LTD\",\"description\":\"Kaltgepresste \u00d6le\",\"potentialAction\":[{\"@type\":\"SearchAction\",\"target\":{\"@type\":\"EntryPoint\",\"urlTemplate\":\"https:\/\/olleo.be\/?s={search_term_string}\"},\"query-input\":{\"@type\":\"PropertyValueSpecification\",\"valueRequired\":true,\"valueName\":\"search_term_string\"}}],\"inLanguage\":\"de\"}]}<\/script>\n<!-- \/ Yoast SEO Premium plugin. -->","yoast_head_json":{"title":"Sonnenblumenprotein mit Schokolade 300g &#8212; OLLEO GROUP LTD","robots":{"index":"index","follow":"follow","max-snippet":"max-snippet:-1","max-image-preview":"max-image-preview:large","max-video-preview":"max-video-preview:-1"},"canonical":"https:\/\/olleo.be\/product\/proteine-de-tournesol-au-chocolat-300g\/","og_locale":"de_DE","og_type":"article","og_title":"Sonnenblumenprotein mit Schokolade 300g","og_description":"Das Sonnenblumenprotein bietet viele Vorteile als exzellente Quelle pflanzlicher Eiwei\u00dfe. Es wird aus sorgf\u00e4ltig ausgew\u00e4hlten Sonnenblumenkernen hergestellt, was ihm einen hohen Gehalt an Ballaststoffen verleiht. Dieses Protein ist besonders n\u00fctzlich f\u00fcr das Wachstum und die Erhaltung der Muskelmasse sowie f\u00fcr die Erhaltung der Knochengesundheit. Es l\u00e4sst sich leicht mit Wasser und Milch mischen oder in [&hellip;]","og_url":"https:\/\/olleo.be\/product\/proteine-de-tournesol-au-chocolat-300g\/","og_site_name":"OLLEO GROUP LTD","article_modified_time":"2024-12-16T13:49:33+00:00","og_image":[{"width":1000,"height":669,"url":"https:\/\/olleo.be\/wp-content\/uploads\/138.jpg","type":"image\/jpeg"}],"twitter_card":"summary_large_image","twitter_misc":{"Gesch\u00e4tzte Lesezeit":"1\u00a0Minute"},"schema":{"@context":"https:\/\/schema.org","@graph":[{"@type":"WebPage","@id":"https:\/\/olleo.be\/product\/proteine-de-tournesol-au-chocolat-300g\/","url":"https:\/\/olleo.be\/product\/proteine-de-tournesol-au-chocolat-300g\/","name":"Sonnenblumenprotein mit Schokolade 300g &#8212; OLLEO GROUP LTD","isPartOf":{"@id":"https:\/\/olleo.be\/#website"},"primaryImageOfPage":{"@id":"https:\/\/olleo.be\/product\/proteine-de-tournesol-au-chocolat-300g\/#primaryimage"},"image":{"@id":"https:\/\/olleo.be\/product\/proteine-de-tournesol-au-chocolat-300g\/#primaryimage"},"thumbnailUrl":"https:\/\/olleo.be\/wp-content\/uploads\/138.jpg","datePublished":"2024-12-11T10:47:43+00:00","dateModified":"2024-12-16T13:49:33+00:00","breadcrumb":{"@id":"https:\/\/olleo.be\/product\/proteine-de-tournesol-au-chocolat-300g\/#breadcrumb"},"inLanguage":"de","potentialAction":[{"@type":"ReadAction","target":["https:\/\/olleo.be\/product\/proteine-de-tournesol-au-chocolat-300g\/"]}]},{"@type":"ImageObject","inLanguage":"de","@id":"https:\/\/olleo.be\/product\/proteine-de-tournesol-au-chocolat-300g\/#primaryimage","url":"https:\/\/olleo.be\/wp-content\/uploads\/138.jpg","contentUrl":"https:\/\/olleo.be\/wp-content\/uploads\/138.jpg","width":1000,"height":669},{"@type":"BreadcrumbList","@id":"https:\/\/olleo.be\/product\/proteine-de-tournesol-au-chocolat-300g\/#breadcrumb","itemListElement":[{"@type":"ListItem","position":1,"name":"Home","item":"https:\/\/olleo.be\/de\/"},{"@type":"ListItem","position":2,"name":"Shop","item":"https:\/\/olleo.be\/shop\/"},{"@type":"ListItem","position":3,"name":"Sonnenblumenprotein mit Schokolade 300g"}]},{"@type":"WebSite","@id":"https:\/\/olleo.be\/#website","url":"https:\/\/olleo.be\/","name":"OLLEO GROUP LTD","description":"Kaltgepresste \u00d6le","potentialAction":[{"@type":"SearchAction","target":{"@type":"EntryPoint","urlTemplate":"https:\/\/olleo.be\/?s={search_term_string}"},"query-input":{"@type":"PropertyValueSpecification","valueRequired":true,"valueName":"search_term_string"}}],"inLanguage":"de"}]}},"_links":{"self":[{"href":"https:\/\/olleo.be\/de\/wp-json\/wp\/v2\/product\/87806","targetHints":{"allow":["GET"]}}],"collection":[{"href":"https:\/\/olleo.be\/de\/wp-json\/wp\/v2\/product"}],"about":[{"href":"https:\/\/olleo.be\/de\/wp-json\/wp\/v2\/types\/product"}],"replies":[{"embeddable":true,"href":"https:\/\/olleo.be\/de\/wp-json\/wp\/v2\/comments?post=87806"}],"wp:featuredmedia":[{"embeddable":true,"href":"https:\/\/olleo.be\/de\/wp-json\/wp\/v2\/media\/87502"}],"wp:attachment":[{"href":"https:\/\/olleo.be\/de\/wp-json\/wp\/v2\/media?parent=87806"}],"wp:term":[{"taxonomy":"product_cat","embeddable":true,"href":"https:\/\/olleo.be\/de\/wp-json\/wp\/v2\/product_cat?post=87806"},{"taxonomy":"product_tag","embeddable":true,"href":"https:\/\/olleo.be\/de\/wp-json\/wp\/v2\/product_tag?post=87806"},{"taxonomy":"prod_brand","embeddable":true,"href":"https:\/\/olleo.be\/de\/wp-json\/wp\/v2\/prod_brand?post=87806"},{"taxonomy":"prod_manufacturer","embeddable":true,"href":"https:\/\/olleo.be\/de\/wp-json\/wp\/v2\/prod_manufacturer?post=87806"},{"taxonomy":"prod_country","embeddable":true,"href":"https:\/\/olleo.be\/de\/wp-json\/wp\/v2\/prod_country?post=87806"},{"taxonomy":"prod_storage","embeddable":true,"href":"https:\/\/olleo.be\/de\/wp-json\/wp\/v2\/prod_storage?post=87806"}],"curies":[{"name":"wp","href":"https:\/\/api.w.org\/{rel}","templated":true}]}}