{"id":87773,"date":"2024-12-11T13:56:16","date_gmt":"2024-12-11T10:56:16","guid":{"rendered":"https:\/\/olleo.be\/product\/naturalna-pasta-s-shokolad-i-portokal-noteo-paket\/"},"modified":"2024-12-16T16:35:00","modified_gmt":"2024-12-16T13:35:00","slug":"natuerliche-paste-mit-schokolade-und-orange-noteo-packung","status":"publish","type":"product","link":"https:\/\/olleo.be\/de\/product\/natuerliche-paste-mit-schokolade-und-orange-noteo-packung\/","title":{"rendered":"Nat\u00fcrliche Paste mit Schokolade und Orange NOTEO &#8211; Packung"},"content":{"rendered":"<p>Die nat\u00fcrliche Sonnenblumenkernpaste von NOTEO wird vollst\u00e4ndig aus gemahlenen Sonnenblumenkernen (gesch\u00e4lt) hergestellt. Da sie keine Allergene wie Erdnussbutter enth\u00e4lt, ist sie ideal f\u00fcr Kinder und Menschen mit Nahrungsmittelunvertr\u00e4glichkeiten gegen\u00fcber N\u00fcssen und Gluten. Die Sonnenblumenkernpaste von NOTEO zeichnet sich durch folgende Eigenschaften aus:<\/p>\n<ul>\n<li>Ohne Allergene<\/li>\n<li>Reich an Ballaststoffen und Vitaminen<\/li>\n<li>Reich an gesunden Fetten und Magnesium<\/li>\n<li>Ausgezeichneter nat\u00fcrlicher Sonnenblumengeschmack<\/li>\n<\/ul>\n<p>Unsere Sonnenblumenkernpaste ist sowohl f\u00fcr den Eigenverzehr geeignet als auch als Zutat in Shakes, Smoothies, Keksen und Kuchenb\u00f6den. Sie ist auch eine perfekte Erg\u00e4nzung zu ger\u00f6stetem Brot oder als Snack.<\/p>\n","protected":false},"excerpt":{"rendered":"<p>Die nat\u00fcrliche Sonnenblumenkernpaste von NOTEO wird vollst\u00e4ndig aus gemahlenen Sonnenblumenkernen (gesch\u00e4lt) hergestellt. Da sie keine Allergene wie Erdnussbutter enth\u00e4lt, ist sie ideal f\u00fcr Kinder und Menschen mit Nahrungsmittelunvertr\u00e4glichkeiten gegen\u00fcber N\u00fcssen und Gluten. Die Sonnenblumenkernpaste von NOTEO zeichnet sich durch folgende Eigenschaften aus: Ohne Allergene Reich an Ballaststoffen und Vitaminen Reich an gesunden Fetten und Magnesium [&hellip;]<\/p>\n","protected":false},"featured_media":88069,"comment_status":"closed","ping_status":"closed","template":"","meta":[],"product_cat":[6893],"product_tag":[],"prod_brand":[],"prod_manufacturer":[6862],"prod_country":[6919],"prod_storage":[],"class_list":{"0":"post-87773","1":"product","2":"type-product","3":"status-publish","4":"has-post-thumbnail","6":"product_cat-sonnenblumenpaste-noteo","8":"first","9":"instock","10":"purchasable","11":"product-type-variable","12":"has-default-attributes","13":"add-to-wishlist-after_add_to_cart"},"yoast_head":"<!-- This site is optimized with the Yoast SEO Premium plugin v23.2 (Yoast SEO v24.0) - https:\/\/yoast.com\/wordpress\/plugins\/seo\/ -->\n<title>Nat\u00fcrliche Paste mit Schokolade und Orange NOTEO - Packung &#8212; OLLEO GROUP LTD<\/title>\n<meta name=\"robots\" content=\"index, follow, max-snippet:-1, max-image-preview:large, max-video-preview:-1\" \/>\n<link rel=\"canonical\" href=\"https:\/\/olleo.be\/product\/pate-naturelle-avec-chocolat-et-orange-noteo-paquet\/\" \/>\n<meta property=\"og:locale\" content=\"de_DE\" \/>\n<meta property=\"og:type\" content=\"article\" \/>\n<meta property=\"og:title\" content=\"Nat\u00fcrliche Paste mit Schokolade und Orange NOTEO - Packung\" \/>\n<meta property=\"og:description\" content=\"Die nat\u00fcrliche Sonnenblumenkernpaste von NOTEO wird vollst\u00e4ndig aus gemahlenen Sonnenblumenkernen (gesch\u00e4lt) hergestellt. Da sie keine Allergene wie Erdnussbutter enth\u00e4lt, ist sie ideal f\u00fcr Kinder und Menschen mit Nahrungsmittelunvertr\u00e4glichkeiten gegen\u00fcber N\u00fcssen und Gluten. Die Sonnenblumenkernpaste von NOTEO zeichnet sich durch folgende Eigenschaften aus: Ohne Allergene Reich an Ballaststoffen und Vitaminen Reich an gesunden Fetten und Magnesium [&hellip;]\" \/>\n<meta property=\"og:url\" content=\"https:\/\/olleo.be\/product\/pate-naturelle-avec-chocolat-et-orange-noteo-paquet\/\" \/>\n<meta property=\"og:site_name\" content=\"OLLEO GROUP LTD\" \/>\n<meta property=\"article:modified_time\" content=\"2024-12-16T13:35:00+00:00\" \/>\n<meta property=\"og:image\" content=\"https:\/\/olleo.be\/wp-content\/uploads\/23.png\" \/>\n\t<meta property=\"og:image:width\" content=\"595\" \/>\n\t<meta property=\"og:image:height\" content=\"555\" \/>\n\t<meta property=\"og:image:type\" content=\"image\/png\" \/>\n<meta name=\"twitter:card\" content=\"summary_large_image\" \/>\n<meta name=\"twitter:label1\" content=\"Gesch\u00e4tzte Lesezeit\" \/>\n\t<meta name=\"twitter:data1\" content=\"1\u00a0Minute\" \/>\n<script type=\"application\/ld+json\" class=\"yoast-schema-graph\">{\"@context\":\"https:\/\/schema.org\",\"@graph\":[{\"@type\":\"WebPage\",\"@id\":\"https:\/\/olleo.be\/product\/pate-naturelle-avec-chocolat-et-orange-noteo-paquet\/\",\"url\":\"https:\/\/olleo.be\/product\/pate-naturelle-avec-chocolat-et-orange-noteo-paquet\/\",\"name\":\"Nat\u00fcrliche Paste mit Schokolade und Orange NOTEO - Packung &#8212; OLLEO GROUP LTD\",\"isPartOf\":{\"@id\":\"https:\/\/olleo.be\/#website\"},\"primaryImageOfPage\":{\"@id\":\"https:\/\/olleo.be\/product\/pate-naturelle-avec-chocolat-et-orange-noteo-paquet\/#primaryimage\"},\"image\":{\"@id\":\"https:\/\/olleo.be\/product\/pate-naturelle-avec-chocolat-et-orange-noteo-paquet\/#primaryimage\"},\"thumbnailUrl\":\"https:\/\/olleo.be\/wp-content\/uploads\/slunchogledova-pasta-portokal-shokolad-1.png\",\"datePublished\":\"2024-12-11T10:56:16+00:00\",\"dateModified\":\"2024-12-16T13:35:00+00:00\",\"breadcrumb\":{\"@id\":\"https:\/\/olleo.be\/product\/pate-naturelle-avec-chocolat-et-orange-noteo-paquet\/#breadcrumb\"},\"inLanguage\":\"de\",\"potentialAction\":[{\"@type\":\"ReadAction\",\"target\":[\"https:\/\/olleo.be\/product\/pate-naturelle-avec-chocolat-et-orange-noteo-paquet\/\"]}]},{\"@type\":\"ImageObject\",\"inLanguage\":\"de\",\"@id\":\"https:\/\/olleo.be\/product\/pate-naturelle-avec-chocolat-et-orange-noteo-paquet\/#primaryimage\",\"url\":\"https:\/\/olleo.be\/wp-content\/uploads\/slunchogledova-pasta-portokal-shokolad-1.png\",\"contentUrl\":\"https:\/\/olleo.be\/wp-content\/uploads\/slunchogledova-pasta-portokal-shokolad-1.png\",\"width\":469,\"height\":532},{\"@type\":\"BreadcrumbList\",\"@id\":\"https:\/\/olleo.be\/product\/pate-naturelle-avec-chocolat-et-orange-noteo-paquet\/#breadcrumb\",\"itemListElement\":[{\"@type\":\"ListItem\",\"position\":1,\"name\":\"Home\",\"item\":\"https:\/\/olleo.be\/de\/\"},{\"@type\":\"ListItem\",\"position\":2,\"name\":\"Shop\",\"item\":\"https:\/\/olleo.be\/shop\/\"},{\"@type\":\"ListItem\",\"position\":3,\"name\":\"Nat\u00fcrliche Paste mit Schokolade und Orange NOTEO &#8211; Packung\"}]},{\"@type\":\"WebSite\",\"@id\":\"https:\/\/olleo.be\/#website\",\"url\":\"https:\/\/olleo.be\/\",\"name\":\"OLLEO GROUP LTD\",\"description\":\"Kaltgepresste \u00d6le\",\"potentialAction\":[{\"@type\":\"SearchAction\",\"target\":{\"@type\":\"EntryPoint\",\"urlTemplate\":\"https:\/\/olleo.be\/?s={search_term_string}\"},\"query-input\":{\"@type\":\"PropertyValueSpecification\",\"valueRequired\":true,\"valueName\":\"search_term_string\"}}],\"inLanguage\":\"de\"}]}<\/script>\n<!-- \/ Yoast SEO Premium plugin. -->","yoast_head_json":{"title":"Nat\u00fcrliche Paste mit Schokolade und Orange NOTEO - Packung &#8212; OLLEO GROUP LTD","robots":{"index":"index","follow":"follow","max-snippet":"max-snippet:-1","max-image-preview":"max-image-preview:large","max-video-preview":"max-video-preview:-1"},"canonical":"https:\/\/olleo.be\/product\/pate-naturelle-avec-chocolat-et-orange-noteo-paquet\/","og_locale":"de_DE","og_type":"article","og_title":"Nat\u00fcrliche Paste mit Schokolade und Orange NOTEO - Packung","og_description":"Die nat\u00fcrliche Sonnenblumenkernpaste von NOTEO wird vollst\u00e4ndig aus gemahlenen Sonnenblumenkernen (gesch\u00e4lt) hergestellt. Da sie keine Allergene wie Erdnussbutter enth\u00e4lt, ist sie ideal f\u00fcr Kinder und Menschen mit Nahrungsmittelunvertr\u00e4glichkeiten gegen\u00fcber N\u00fcssen und Gluten. Die Sonnenblumenkernpaste von NOTEO zeichnet sich durch folgende Eigenschaften aus: Ohne Allergene Reich an Ballaststoffen und Vitaminen Reich an gesunden Fetten und Magnesium [&hellip;]","og_url":"https:\/\/olleo.be\/product\/pate-naturelle-avec-chocolat-et-orange-noteo-paquet\/","og_site_name":"OLLEO GROUP LTD","article_modified_time":"2024-12-16T13:35:00+00:00","og_image":[{"width":595,"height":555,"url":"https:\/\/olleo.be\/wp-content\/uploads\/23.png","type":"image\/png"}],"twitter_card":"summary_large_image","twitter_misc":{"Gesch\u00e4tzte Lesezeit":"1\u00a0Minute"},"schema":{"@context":"https:\/\/schema.org","@graph":[{"@type":"WebPage","@id":"https:\/\/olleo.be\/product\/pate-naturelle-avec-chocolat-et-orange-noteo-paquet\/","url":"https:\/\/olleo.be\/product\/pate-naturelle-avec-chocolat-et-orange-noteo-paquet\/","name":"Nat\u00fcrliche Paste mit Schokolade und Orange NOTEO - Packung &#8212; OLLEO GROUP LTD","isPartOf":{"@id":"https:\/\/olleo.be\/#website"},"primaryImageOfPage":{"@id":"https:\/\/olleo.be\/product\/pate-naturelle-avec-chocolat-et-orange-noteo-paquet\/#primaryimage"},"image":{"@id":"https:\/\/olleo.be\/product\/pate-naturelle-avec-chocolat-et-orange-noteo-paquet\/#primaryimage"},"thumbnailUrl":"https:\/\/olleo.be\/wp-content\/uploads\/slunchogledova-pasta-portokal-shokolad-1.png","datePublished":"2024-12-11T10:56:16+00:00","dateModified":"2024-12-16T13:35:00+00:00","breadcrumb":{"@id":"https:\/\/olleo.be\/product\/pate-naturelle-avec-chocolat-et-orange-noteo-paquet\/#breadcrumb"},"inLanguage":"de","potentialAction":[{"@type":"ReadAction","target":["https:\/\/olleo.be\/product\/pate-naturelle-avec-chocolat-et-orange-noteo-paquet\/"]}]},{"@type":"ImageObject","inLanguage":"de","@id":"https:\/\/olleo.be\/product\/pate-naturelle-avec-chocolat-et-orange-noteo-paquet\/#primaryimage","url":"https:\/\/olleo.be\/wp-content\/uploads\/slunchogledova-pasta-portokal-shokolad-1.png","contentUrl":"https:\/\/olleo.be\/wp-content\/uploads\/slunchogledova-pasta-portokal-shokolad-1.png","width":469,"height":532},{"@type":"BreadcrumbList","@id":"https:\/\/olleo.be\/product\/pate-naturelle-avec-chocolat-et-orange-noteo-paquet\/#breadcrumb","itemListElement":[{"@type":"ListItem","position":1,"name":"Home","item":"https:\/\/olleo.be\/de\/"},{"@type":"ListItem","position":2,"name":"Shop","item":"https:\/\/olleo.be\/shop\/"},{"@type":"ListItem","position":3,"name":"Nat\u00fcrliche Paste mit Schokolade und Orange NOTEO &#8211; Packung"}]},{"@type":"WebSite","@id":"https:\/\/olleo.be\/#website","url":"https:\/\/olleo.be\/","name":"OLLEO GROUP LTD","description":"Kaltgepresste \u00d6le","potentialAction":[{"@type":"SearchAction","target":{"@type":"EntryPoint","urlTemplate":"https:\/\/olleo.be\/?s={search_term_string}"},"query-input":{"@type":"PropertyValueSpecification","valueRequired":true,"valueName":"search_term_string"}}],"inLanguage":"de"}]}},"_links":{"self":[{"href":"https:\/\/olleo.be\/de\/wp-json\/wp\/v2\/product\/87773","targetHints":{"allow":["GET"]}}],"collection":[{"href":"https:\/\/olleo.be\/de\/wp-json\/wp\/v2\/product"}],"about":[{"href":"https:\/\/olleo.be\/de\/wp-json\/wp\/v2\/types\/product"}],"replies":[{"embeddable":true,"href":"https:\/\/olleo.be\/de\/wp-json\/wp\/v2\/comments?post=87773"}],"wp:featuredmedia":[{"embeddable":true,"href":"https:\/\/olleo.be\/de\/wp-json\/wp\/v2\/media\/88069"}],"wp:attachment":[{"href":"https:\/\/olleo.be\/de\/wp-json\/wp\/v2\/media?parent=87773"}],"wp:term":[{"taxonomy":"product_cat","embeddable":true,"href":"https:\/\/olleo.be\/de\/wp-json\/wp\/v2\/product_cat?post=87773"},{"taxonomy":"product_tag","embeddable":true,"href":"https:\/\/olleo.be\/de\/wp-json\/wp\/v2\/product_tag?post=87773"},{"taxonomy":"prod_brand","embeddable":true,"href":"https:\/\/olleo.be\/de\/wp-json\/wp\/v2\/prod_brand?post=87773"},{"taxonomy":"prod_manufacturer","embeddable":true,"href":"https:\/\/olleo.be\/de\/wp-json\/wp\/v2\/prod_manufacturer?post=87773"},{"taxonomy":"prod_country","embeddable":true,"href":"https:\/\/olleo.be\/de\/wp-json\/wp\/v2\/prod_country?post=87773"},{"taxonomy":"prod_storage","embeddable":true,"href":"https:\/\/olleo.be\/de\/wp-json\/wp\/v2\/prod_storage?post=87773"}],"curies":[{"name":"wp","href":"https:\/\/api.w.org\/{rel}","templated":true}]}}