{"id":87630,"date":"2023-05-15T12:54:18","date_gmt":"2023-05-15T09:54:18","guid":{"rendered":"https:\/\/olleo.be\/qualite\/"},"modified":"2024-12-17T14:30:07","modified_gmt":"2024-12-17T11:30:07","slug":"qualitaet","status":"publish","type":"page","link":"https:\/\/olleo.be\/de\/qualitaet\/","title":{"rendered":"Qualit\u00e4t"},"content":{"rendered":"<section class=\"some_text\">\n\t<div class=\"shell\">\n\t\t<div class=\"hold\">\n\t\t\t<div class=\"text_intro\">\n\t\t\t\t<h1>Qualit\u00e4t<\/h1>\n\n\t\t\t\t\t\t\t<\/div><!-- \/.text_intro -->\n\n\t\t\t\t\t<\/div><!-- \/.hold -->\n\t<\/div><!-- \/.shell -->\n<\/section><!-- \/.some_text --><section class=\"some_text some_text_img\">\n\t<div class=\"shell\">\n\t\t<div class=\"hold\">\n\t\t\t\t\t\t\t<div class=\"img-text\"><img decoding=\"async\" class=\"size-full wp-image-86882 alignnone\" src=\"https:\/\/olleo.be\/wp-content\/uploads\/quality_bg.png\" alt=\"\" width=\"485\" height=\"455\" srcset=\"https:\/\/olleo.be\/wp-content\/uploads\/quality_bg.png 485w, https:\/\/olleo.be\/wp-content\/uploads\/quality_bg-255x239.png 255w\" sizes=\"(max-width: 485px) 100vw, 485px\" \/><p>Unser Produkt zeichnet sich durch seinen reinen Geschmack, Dichte und Intensit\u00e4t ohne Gentechnik aus, was bedeutet, dass die Sonnenblumenkerne, die zur Herstellung unseres \u00d6ls verwendet werden, v\u00f6llig nat\u00fcrlich und nicht genetisch modifiziert sind. Aus diesem Grund ist unser kaltgepresstes Sonnenblumen\u00f6l die perfekte Erg\u00e4nzung f\u00fcr Ihren Tisch.<\/p><\/div>\r\n<div class=\"img-text right\"><img decoding=\"async\" class=\"alignnone size-full wp-image-86880\" src=\"https:\/\/olleo.be\/wp-content\/uploads\/quality_2-min.png\" alt=\"\" width=\"500\" height=\"490\" srcset=\"https:\/\/olleo.be\/wp-content\/uploads\/quality_2-min.png 500w, https:\/\/olleo.be\/wp-content\/uploads\/quality_2-min-255x250.png 255w\" sizes=\"(max-width: 500px) 100vw, 500px\" \/><p>Mit viel Liebe und Professionalit\u00e4t stellen wir f\u00fcr Sie, unsere Kunden, hochwertiges kaltgepresstes \u00d6l her. Das Sch\u00e4len der Sonnenblumenkerne erfolgt in unserer modernen und fortschrittlichen Fabrik.<\/p><\/div>\r\n<div class=\"img-text\"><img decoding=\"async\" class=\"alignnone size-full wp-image-86881\" src=\"https:\/\/olleo.be\/wp-content\/uploads\/quality_3-min.png\" alt=\"\" width=\"585\" height=\"606\" srcset=\"https:\/\/olleo.be\/wp-content\/uploads\/quality_3-min.png 585w, https:\/\/olleo.be\/wp-content\/uploads\/quality_3-min-255x264.png 255w\" sizes=\"(max-width: 585px) 100vw, 585px\" \/><p>Wir w\u00e4hlen sorgf\u00e4ltig das Rohmaterial f\u00fcr die Herstellung unserer Produkte aus. Unsere Mitarbeiter \u00fcberwachen den Sch\u00e4lprozess der Sonnenblumenkerne, bevor sie zum Mahlen und zur Herstellung des kaltgepressten \u00d6ls gelangen.<\/p><\/div>\r\n<div class=\"img-text right\"><img decoding=\"async\" class=\"alignnone size-full wp-image-86879\" src=\"https:\/\/olleo.be\/wp-content\/uploads\/frame-182-min.png\" alt=\"\" width=\"478\" height=\"349\" srcset=\"https:\/\/olleo.be\/wp-content\/uploads\/frame-182-min.png 478w, https:\/\/olleo.be\/wp-content\/uploads\/frame-182-min-255x186.png 255w\" sizes=\"(max-width: 478px) 100vw, 478px\" \/><p>Unsere Einrichtungen sind f\u00fcr die Qualit\u00e4t und Abf\u00fcllung von Bio-Produkten zertifiziert, und unsere Produktion entspricht den Industriestandards.<\/p><\/div>\t\t\t\t\t<\/div><!-- \/.hold -->\n\t<\/div><!-- \/.shell -->\n<\/section><!-- \/.some_text --><section class=\"boxes\">\n\t<div class=\"shell\">\n\t\t<div>\n\t\t\t\t<svg xmlns=\"http:\/\/www.w3.org\/2000\/svg\" class=\"i i-box \">\n\t    <use xlink:href=\"https:\/\/olleo.be\/wp-content\/themes\/olleo\/images\/sprite.svg#box\"><\/use>\n\t<\/svg>\n\t\n\t\t\t<h2>\n\t\t\t\tReichhaltiges Sortiment\t\t\t\t<span>mit \u00fcber <strong>28<\/strong> produkte<\/span>\n\t\t\t<\/h2>\n\t\t<\/div>\n\n\t\t<div>\n\t\t\t\t<svg xmlns=\"http:\/\/www.w3.org\/2000\/svg\" class=\"i i-truck \">\n\t    <use xlink:href=\"https:\/\/olleo.be\/wp-content\/themes\/olleo\/images\/sprite.svg#truck\"><\/use>\n\t<\/svg>\n\t\n\t\t\t<h2>\n\t\t\t\tKostenloser Versand\t\t\t\t<span>bei Bestellungen \u00fcber <strong>99 \u20ac<\/strong><\/span>\n\t\t\t<\/h2>\n\t\t<\/div>\n\n\t\t<div>\n\t\t\t\t<svg xmlns=\"http:\/\/www.w3.org\/2000\/svg\" class=\"i i-call-2 \">\n\t    <use xlink:href=\"https:\/\/olleo.be\/wp-content\/themes\/olleo\/images\/sprite.svg#call-2\"><\/use>\n\t<\/svg>\n\t\n\t\t\t<h2>\n\t\t\t\tTelefon <a href=\"tel:+359896552341\">+359 896552341<\/a>\n\t\t\t\t<span>f\u00fcr Bestellungen und Beratung<\/span>\n\t\t\t<\/h2>\n\t\t<\/div>\n\n\t\t<div>\n\t\t\t\t<svg xmlns=\"http:\/\/www.w3.org\/2000\/svg\" class=\"i i-pin \">\n\t    <use xlink:href=\"https:\/\/olleo.be\/wp-content\/themes\/olleo\/images\/sprite.svg#pin\"><\/use>\n\t<\/svg>\n\t\n\t\t\t<h2>\n\t\t\t\tAdresse\t\t\t\t<span>Dobritsch, Stratsin-Stra\u00dfe Nr. 4, Eingang B, Etage 1, Wohnung 1<\/span>\n\t\t\t<\/h2>\n\t\t<\/div>\n\t<\/div><!-- \/.shell -->\n<\/section><!-- \/.boxes -->","protected":false},"excerpt":{"rendered":"","protected":false},"author":1,"featured_media":0,"parent":0,"menu_order":0,"comment_status":"closed","ping_status":"closed","template":"","meta":{"footnotes":""},"class_list":["post-87630","page","type-page","status-publish","hentry"],"yoast_head":"<!-- This site is optimized with the Yoast SEO Premium plugin v23.2 (Yoast SEO v24.0) - https:\/\/yoast.com\/wordpress\/plugins\/seo\/ -->\n<title>Qualit\u00e4t &#8212; OLLEO GROUP LTD<\/title>\n<meta name=\"robots\" content=\"index, follow, max-snippet:-1, max-image-preview:large, max-video-preview:-1\" \/>\n<link rel=\"canonical\" href=\"https:\/\/olleo.be\/qualite\/\" \/>\n<meta property=\"og:locale\" content=\"de_DE\" \/>\n<meta property=\"og:type\" content=\"article\" \/>\n<meta property=\"og:title\" content=\"Qualit\u00e4t\" \/>\n<meta property=\"og:url\" content=\"https:\/\/olleo.be\/qualite\/\" \/>\n<meta property=\"og:site_name\" content=\"OLLEO GROUP LTD\" \/>\n<meta property=\"article:modified_time\" content=\"2024-12-17T11:30:07+00:00\" \/>\n<meta name=\"twitter:card\" content=\"summary_large_image\" \/>\n<script type=\"application\/ld+json\" class=\"yoast-schema-graph\">{\"@context\":\"https:\/\/schema.org\",\"@graph\":[{\"@type\":\"WebPage\",\"@id\":\"https:\/\/olleo.be\/qualite\/\",\"url\":\"https:\/\/olleo.be\/qualite\/\",\"name\":\"Qualit\u00e4t &#8212; OLLEO GROUP LTD\",\"isPartOf\":{\"@id\":\"https:\/\/olleo.be\/#website\"},\"datePublished\":\"2023-05-15T09:54:18+00:00\",\"dateModified\":\"2024-12-17T11:30:07+00:00\",\"breadcrumb\":{\"@id\":\"https:\/\/olleo.be\/qualite\/#breadcrumb\"},\"inLanguage\":\"de\",\"potentialAction\":[{\"@type\":\"ReadAction\",\"target\":[\"https:\/\/olleo.be\/qualite\/\"]}]},{\"@type\":\"BreadcrumbList\",\"@id\":\"https:\/\/olleo.be\/qualite\/#breadcrumb\",\"itemListElement\":[{\"@type\":\"ListItem\",\"position\":1,\"name\":\"Home\",\"item\":\"https:\/\/olleo.be\/de\/\"},{\"@type\":\"ListItem\",\"position\":2,\"name\":\"Qualit\u00e4t\"}]},{\"@type\":\"WebSite\",\"@id\":\"https:\/\/olleo.be\/#website\",\"url\":\"https:\/\/olleo.be\/\",\"name\":\"OLLEO GROUP LTD\",\"description\":\"Kaltgepresste \u00d6le\",\"potentialAction\":[{\"@type\":\"SearchAction\",\"target\":{\"@type\":\"EntryPoint\",\"urlTemplate\":\"https:\/\/olleo.be\/?s={search_term_string}\"},\"query-input\":{\"@type\":\"PropertyValueSpecification\",\"valueRequired\":true,\"valueName\":\"search_term_string\"}}],\"inLanguage\":\"de\"}]}<\/script>\n<!-- \/ Yoast SEO Premium plugin. -->","yoast_head_json":{"title":"Qualit\u00e4t &#8212; OLLEO GROUP LTD","robots":{"index":"index","follow":"follow","max-snippet":"max-snippet:-1","max-image-preview":"max-image-preview:large","max-video-preview":"max-video-preview:-1"},"canonical":"https:\/\/olleo.be\/qualite\/","og_locale":"de_DE","og_type":"article","og_title":"Qualit\u00e4t","og_url":"https:\/\/olleo.be\/qualite\/","og_site_name":"OLLEO GROUP LTD","article_modified_time":"2024-12-17T11:30:07+00:00","twitter_card":"summary_large_image","schema":{"@context":"https:\/\/schema.org","@graph":[{"@type":"WebPage","@id":"https:\/\/olleo.be\/qualite\/","url":"https:\/\/olleo.be\/qualite\/","name":"Qualit\u00e4t &#8212; OLLEO GROUP LTD","isPartOf":{"@id":"https:\/\/olleo.be\/#website"},"datePublished":"2023-05-15T09:54:18+00:00","dateModified":"2024-12-17T11:30:07+00:00","breadcrumb":{"@id":"https:\/\/olleo.be\/qualite\/#breadcrumb"},"inLanguage":"de","potentialAction":[{"@type":"ReadAction","target":["https:\/\/olleo.be\/qualite\/"]}]},{"@type":"BreadcrumbList","@id":"https:\/\/olleo.be\/qualite\/#breadcrumb","itemListElement":[{"@type":"ListItem","position":1,"name":"Home","item":"https:\/\/olleo.be\/de\/"},{"@type":"ListItem","position":2,"name":"Qualit\u00e4t"}]},{"@type":"WebSite","@id":"https:\/\/olleo.be\/#website","url":"https:\/\/olleo.be\/","name":"OLLEO GROUP LTD","description":"Kaltgepresste \u00d6le","potentialAction":[{"@type":"SearchAction","target":{"@type":"EntryPoint","urlTemplate":"https:\/\/olleo.be\/?s={search_term_string}"},"query-input":{"@type":"PropertyValueSpecification","valueRequired":true,"valueName":"search_term_string"}}],"inLanguage":"de"}]}},"_links":{"self":[{"href":"https:\/\/olleo.be\/de\/wp-json\/wp\/v2\/pages\/87630","targetHints":{"allow":["GET"]}}],"collection":[{"href":"https:\/\/olleo.be\/de\/wp-json\/wp\/v2\/pages"}],"about":[{"href":"https:\/\/olleo.be\/de\/wp-json\/wp\/v2\/types\/page"}],"author":[{"embeddable":true,"href":"https:\/\/olleo.be\/de\/wp-json\/wp\/v2\/users\/1"}],"replies":[{"embeddable":true,"href":"https:\/\/olleo.be\/de\/wp-json\/wp\/v2\/comments?post=87630"}],"version-history":[{"count":0,"href":"https:\/\/olleo.be\/de\/wp-json\/wp\/v2\/pages\/87630\/revisions"}],"wp:attachment":[{"href":"https:\/\/olleo.be\/de\/wp-json\/wp\/v2\/media?parent=87630"}],"curies":[{"name":"wp","href":"https:\/\/api.w.org\/{rel}","templated":true}]}}