{"id":87628,"date":"2023-05-15T12:52:20","date_gmt":"2023-05-15T09:52:20","guid":{"rendered":"https:\/\/olleo.be\/qui-sommes-nous\/"},"modified":"2024-12-17T14:32:34","modified_gmt":"2024-12-17T11:32:34","slug":"wer-sind-wir","status":"publish","type":"page","link":"https:\/\/olleo.be\/de\/wer-sind-wir\/","title":{"rendered":"Wer sind wir?"},"content":{"rendered":"<section class=\"about_us_content\">\n\t<div class=\"shell\">\n\t\t<div class=\"about_intro\">\n\t\t\t\t\t\t<picture>\n\t\t\t    <source srcset=\"https:\/\/olleo.be\/wp-content\/uploads\/olleo-about-image-2-1370x574-cc.jpg\" media=\"(min-width: 560px)\">\n\t\t\t    <img class=\"bg\" loading=\"lazy\" decoding=\"async\" src=\"https:\/\/olleo.be\/wp-content\/uploads\/olleo-about-image-2-600x840-cc.jpg\" alt=\"OLLEO, Komfort im Alltag\" \/>\n\t\t\t<\/picture>\n\n\t\t\t<!-- <picture>\n\t\t\t\t<source srcset=\"..\/images\/static\/backgound-image.jpg\" media=\"(min-width: 560px)\">\n\t\t\t\t<img class=\"bg\"  src=\"https:\/\/olleo.be\/wp-content\/themes\/olleo\/images\/static\/backgound-image-small.jpg\" loading=\"lazy\" decoding=\"async\" alt=\"\" \/>\n\t\t\t<\/picture> -->\n\n\t\t\t<div class=\"hold\">\n\t\t\t\t<h1 class=\"t6\">Wer sind wir?<\/h1><!-- \/.t6 -->\n\t\t\t\t\n\t\t\t\t<img  src=\"https:\/\/olleo.be\/wp-content\/uploads\/olleo-logo-mobile.png\" loading=\"lazy\" decoding=\"async\" alt=\"\" \/>\n\n\t\t\t\t<p>OLLEO wurde f\u00fcr Sie entwickelt \u2013 f\u00fcr diejenigen, die schnell leben und einen erh\u00f6hten Energiebedarf haben. Wir glauben, dass jeder hochwertige, nat\u00fcrliche Lebensmittel verdienen sollte, die reich an Eiwei\u00df und frei von \u00fcberfl\u00fcssigen Kohlenhydraten sind.<\/p>\n\t\t\t<\/div><!-- \/.hold -->\n\n\t\t\t<img class=\"decoration\"  src=\"https:\/\/olleo.be\/wp-content\/themes\/olleo\/images\/static\/decoration-top.png\" loading=\"lazy\" decoding=\"async\" alt=\"decoration\" \/>\n\t\t<\/div><!-- \/.about_intro -->\n\n\t\t<div class=\"white_section\">\n\t\t\t<div class=\"details\">\n\t\t\t\t\t\t\t\t\n\t\t\t\t       <div>\n\t\t\t\t\t       \t<img decoding=\"async\"  src=\"https:\/\/olleo.be\/wp-content\/uploads\/naturalni-systavki.png\" alt=\"Hochwertige nat\u00fcrliche Zutaten\" \/>\n\t\t\t\t\t       \t<h2>Hochwertige nat\u00fcrliche Zutaten<\/h2>\n\t\t\t\t       <\/div>\n\t\t\t\t\n\t\t\t\t  \t\t\t\t\n\t\t\t\t       <div>\n\t\t\t\t\t       \t<img decoding=\"async\"  src=\"https:\/\/olleo.be\/wp-content\/uploads\/balansiran-hranitelen-sustav.png\" alt=\"Ausgewogene N\u00e4hrstoffzusammensetzung\" \/>\n\t\t\t\t\t       \t<h2>Ausgewogene N\u00e4hrstoffzusammensetzung<\/h2>\n\t\t\t\t       <\/div>\n\t\t\t\t\n\t\t\t\t  \t\t\t\t\n\t\t\t\t       <div>\n\t\t\t\t\t       \t<img decoding=\"async\"  src=\"https:\/\/olleo.be\/wp-content\/uploads\/sredizemnomorska-kuhnq.png\" alt=\"Inspiriert von der mediterranen K\u00fcche\" \/>\n\t\t\t\t\t       \t<h2>Inspiriert von der mediterranen K\u00fcche<\/h2>\n\t\t\t\t       <\/div>\n\t\t\t\t\n\t\t\t\t  \t\t\t\t\n\t\t\t\t       <div>\n\t\t\t\t\t       \t<img decoding=\"async\"  src=\"https:\/\/olleo.be\/wp-content\/uploads\/visoki-standarti.png\" alt=\"Erf\u00fcllt strenge Standards (FSSC\/ISO, HALAL, KOSHER)\" \/>\n\t\t\t\t\t       \t<h2>Erf\u00fcllt strenge Standards (FSSC\/ISO, HALAL, KOSHER)<\/h2>\n\t\t\t\t       <\/div>\n\t\t\t\t\n\t\t\t\t  \t\t\t<\/div><!-- \/.details -->\n\n\t\t\t<div class=\"info\">\n\t\t\t\t<p>Unsere Produkte werden in einer zertifizierten Fabrik mit speziellen Ausgleichsformeln entwickelt. Sie helfen, das Risiko von Herzkrankheiten, Fettleibigkeit und Diabetes zu verringern.<\/p>\n\t\t\t<\/div><!-- \/.info -->\n\t\t<\/div><!-- \/.white_section -->\n\n\t\t<div class=\"our_mission\">\n\t\t\t<img class=\"top-decoration\"  src=\"https:\/\/olleo.be\/wp-content\/themes\/olleo\/images\/static\/decoration-top.png\" loading=\"lazy\" decoding=\"async\" alt=\"decoration 2\" \/>\n\n\t\t\t\t\t\t<picture>\n\t\t\t    <source srcset=\"https:\/\/olleo.be\/wp-content\/uploads\/olleo-about-image-1-1370x574-cc.jpg\" media=\"(min-width: 560px)\">\n\t\t\t    <img class=\"bg\" loading=\"lazy\" decoding=\"async\" src=\"https:\/\/olleo.be\/wp-content\/uploads\/olleo-about-image-1-600x780-cc.jpg\" alt=\"\" \/>\n\t\t\t<\/picture>\n\n\t\t\t<!-- <picture>\n\t\t\t\t<source srcset=\"..\/images\/static\/backgound-image.jpg\" media=\"(min-width: 560px)\">\n\t\t\t\t<img class=\"bg\"  src=\"https:\/\/olleo.be\/wp-content\/themes\/olleo\/images\/static\/backgound-image-small.jpg\" loading=\"lazy\" decoding=\"async\" alt=\"\" \/>\n\t\t\t<\/picture> -->\n\n\t\t\t<div class=\"bl\">\n\t\t\t\t<div>\n\t\t\t\t\t<h2>Unsere Mission<\/h2>\n\n\t\t\t\t\t<p>OLLEO ist das Ergebnis unseres Wunsches, gesunde Ern\u00e4hrung bequem und zug\u00e4nglich zu machen. Unsere Produkte sind f\u00fcr moderne Menschen gedacht, die Qualit\u00e4t und einen aktiven Lebensstil sch\u00e4tzen.<\/p>\n\t\t\t\t<\/div>\n\n\t\t\t\t<div>\n\t\t\t\t\t<h2>Komfort im Alltag<\/h2>\n\n\t\t\t\t\t<p>OLLEO ist in Portionen erh\u00e4ltlich, die perfekt in Ihren Alltag passen \u2013 im B\u00fcro, unterwegs, im Fitnessstudio, in den Bergen oder zu Hause.<\/p>\n\t\t\t\t<\/div>\n\t\t\t<\/div><!-- \/.bl -->\n\n\t\t\t<img class=\"decoration\"  src=\"https:\/\/olleo.be\/wp-content\/themes\/olleo\/images\/static\/decoration-top.png\" loading=\"lazy\" decoding=\"async\" alt=\"decoration 3\" \/>\n\t\t<\/div><!-- \/.our_mission -->\n\n\t\t<div class=\"bottom_info\">\n\t\t\t<div class=\"in\">\n\t\t\t\t<div class=\"t\">\n\t\t\t\t\t<h2 class=\"t6\">Warum OLLEO<\/h2><!-- \/.t6 -->\n\n\t\t\t\t\t<p>Machen Sie den Schritt zu einem erf\u00fcllten und nachhaltigen Lebensstil, indem Sie verpackte und ungesunde Lebensmittel durch OLLEO ersetzen.<\/p>\n\t\t\t\t<\/div><!-- \/.t -->\n\n\t\t\t\t<div class=\"b\">\n\t\t\t\t\t\t\t\t\t\t\n\t\t\t\t\t       <div>\n\t\t\t\t\t\t       \t<h3>Gesund und nahrhaft<\/h3>\n\n\t\t\t\t\t\t       \t<p>Vollst\u00e4ndige Balance aus pflanzlichen Proteinen, Kohlenhydraten, gesunden Fetten, Ballaststoffen, Vitaminen, Mineralstoffen und Aminos\u00e4uren<\/p>\n\t\t\t\t\t       <\/div>\n\t\t\t\t\t\n\t\t\t\t\t  \t\t\t\t\t\n\t\t\t\t\t       <div>\n\t\t\t\t\t\t       \t<h3>Schnell und praktisch<\/h3>\n\n\t\t\t\t\t\t       \t<p>Schnell und praktisch \u2013 ohne komplizierte Rezepte und bequem \u00fcberall und jederzeit zu verwenden.<\/p>\n\t\t\t\t\t       <\/div>\n\t\t\t\t\t\n\t\t\t\t\t  \t\t\t\t\t\n\t\t\t\t\t       <div>\n\t\t\t\t\t\t       \t<h3>100% Vegan<\/h3>\n\n\t\t\t\t\t\t       \t<p>Vollst\u00e4ndig aus hochwertigen veganen Zutaten hergestellt und mit einer nat\u00fcrlichen langen Haltbarkeit.<\/p>\n\t\t\t\t\t       <\/div>\n\t\t\t\t\t\n\t\t\t\t\t  \t\t\t\t<\/div><!-- \/.b -->\n\t\t\t<\/div><!-- \/.in -->\n\t\t<\/div><!-- \/.bottom_info -->\n\t<\/div><!-- \/.shell -->\n<\/section><!-- \/.about_us_content --><section class=\"boxes\">\n\t<div class=\"shell\">\n\t\t<div>\n\t\t\t\t<svg xmlns=\"http:\/\/www.w3.org\/2000\/svg\" class=\"i i-box \">\n\t    <use xlink:href=\"https:\/\/olleo.be\/wp-content\/themes\/olleo\/images\/sprite.svg#box\"><\/use>\n\t<\/svg>\n\t\n\t\t\t<h2>\n\t\t\t\tReichhaltiges Sortiment\t\t\t\t<span>mit \u00fcber <strong>28<\/strong> produkte<\/span>\n\t\t\t<\/h2>\n\t\t<\/div>\n\n\t\t<div>\n\t\t\t\t<svg xmlns=\"http:\/\/www.w3.org\/2000\/svg\" class=\"i i-truck \">\n\t    <use xlink:href=\"https:\/\/olleo.be\/wp-content\/themes\/olleo\/images\/sprite.svg#truck\"><\/use>\n\t<\/svg>\n\t\n\t\t\t<h2>\n\t\t\t\tKostenloser Versand\t\t\t\t<span>bei Bestellungen \u00fcber <strong>99 \u20ac<\/strong><\/span>\n\t\t\t<\/h2>\n\t\t<\/div>\n\n\t\t<div>\n\t\t\t\t<svg xmlns=\"http:\/\/www.w3.org\/2000\/svg\" class=\"i i-call-2 \">\n\t    <use xlink:href=\"https:\/\/olleo.be\/wp-content\/themes\/olleo\/images\/sprite.svg#call-2\"><\/use>\n\t<\/svg>\n\t\n\t\t\t<h2>\n\t\t\t\tTelefon <a href=\"tel:+359896552341\">+359 896552341<\/a>\n\t\t\t\t<span>f\u00fcr Bestellungen und Beratung<\/span>\n\t\t\t<\/h2>\n\t\t<\/div>\n\n\t\t<div>\n\t\t\t\t<svg xmlns=\"http:\/\/www.w3.org\/2000\/svg\" class=\"i i-pin \">\n\t    <use xlink:href=\"https:\/\/olleo.be\/wp-content\/themes\/olleo\/images\/sprite.svg#pin\"><\/use>\n\t<\/svg>\n\t\n\t\t\t<h2>\n\t\t\t\tAdresse\t\t\t\t<span>Dobritsch, Stratsin-Stra\u00dfe Nr. 4, Eingang B, Etage 1, Wohnung 1<\/span>\n\t\t\t<\/h2>\n\t\t<\/div>\n\t<\/div><!-- \/.shell -->\n<\/section><!-- \/.boxes -->","protected":false},"excerpt":{"rendered":"","protected":false},"author":1,"featured_media":0,"parent":0,"menu_order":0,"comment_status":"closed","ping_status":"closed","template":"","meta":{"footnotes":""},"class_list":["post-87628","page","type-page","status-publish","hentry"],"yoast_head":"<!-- This site is optimized with the Yoast SEO Premium plugin v23.2 (Yoast SEO v24.0) - https:\/\/yoast.com\/wordpress\/plugins\/seo\/ -->\n<title>Wer sind wir? &#8212; OLLEO GROUP LTD<\/title>\n<meta name=\"robots\" content=\"index, follow, max-snippet:-1, max-image-preview:large, max-video-preview:-1\" \/>\n<link rel=\"canonical\" href=\"https:\/\/olleo.be\/qui-sommes-nous\/\" \/>\n<meta property=\"og:locale\" content=\"de_DE\" \/>\n<meta property=\"og:type\" content=\"article\" \/>\n<meta property=\"og:title\" content=\"Wer sind wir?\" \/>\n<meta property=\"og:url\" content=\"https:\/\/olleo.be\/qui-sommes-nous\/\" \/>\n<meta property=\"og:site_name\" content=\"OLLEO GROUP LTD\" \/>\n<meta property=\"article:modified_time\" content=\"2024-12-17T11:32:34+00:00\" \/>\n<meta name=\"twitter:card\" content=\"summary_large_image\" \/>\n<script type=\"application\/ld+json\" class=\"yoast-schema-graph\">{\"@context\":\"https:\/\/schema.org\",\"@graph\":[{\"@type\":\"WebPage\",\"@id\":\"https:\/\/olleo.be\/qui-sommes-nous\/\",\"url\":\"https:\/\/olleo.be\/qui-sommes-nous\/\",\"name\":\"Wer sind wir? &#8212; OLLEO GROUP LTD\",\"isPartOf\":{\"@id\":\"https:\/\/olleo.be\/#website\"},\"datePublished\":\"2023-05-15T09:52:20+00:00\",\"dateModified\":\"2024-12-17T11:32:34+00:00\",\"breadcrumb\":{\"@id\":\"https:\/\/olleo.be\/qui-sommes-nous\/#breadcrumb\"},\"inLanguage\":\"de\",\"potentialAction\":[{\"@type\":\"ReadAction\",\"target\":[\"https:\/\/olleo.be\/qui-sommes-nous\/\"]}]},{\"@type\":\"BreadcrumbList\",\"@id\":\"https:\/\/olleo.be\/qui-sommes-nous\/#breadcrumb\",\"itemListElement\":[{\"@type\":\"ListItem\",\"position\":1,\"name\":\"Home\",\"item\":\"https:\/\/olleo.be\/de\/\"},{\"@type\":\"ListItem\",\"position\":2,\"name\":\"Wer sind wir?\"}]},{\"@type\":\"WebSite\",\"@id\":\"https:\/\/olleo.be\/#website\",\"url\":\"https:\/\/olleo.be\/\",\"name\":\"OLLEO GROUP LTD\",\"description\":\"Kaltgepresste \u00d6le\",\"potentialAction\":[{\"@type\":\"SearchAction\",\"target\":{\"@type\":\"EntryPoint\",\"urlTemplate\":\"https:\/\/olleo.be\/?s={search_term_string}\"},\"query-input\":{\"@type\":\"PropertyValueSpecification\",\"valueRequired\":true,\"valueName\":\"search_term_string\"}}],\"inLanguage\":\"de\"}]}<\/script>\n<!-- \/ Yoast SEO Premium plugin. -->","yoast_head_json":{"title":"Wer sind wir? &#8212; OLLEO GROUP LTD","robots":{"index":"index","follow":"follow","max-snippet":"max-snippet:-1","max-image-preview":"max-image-preview:large","max-video-preview":"max-video-preview:-1"},"canonical":"https:\/\/olleo.be\/qui-sommes-nous\/","og_locale":"de_DE","og_type":"article","og_title":"Wer sind wir?","og_url":"https:\/\/olleo.be\/qui-sommes-nous\/","og_site_name":"OLLEO GROUP LTD","article_modified_time":"2024-12-17T11:32:34+00:00","twitter_card":"summary_large_image","schema":{"@context":"https:\/\/schema.org","@graph":[{"@type":"WebPage","@id":"https:\/\/olleo.be\/qui-sommes-nous\/","url":"https:\/\/olleo.be\/qui-sommes-nous\/","name":"Wer sind wir? &#8212; OLLEO GROUP LTD","isPartOf":{"@id":"https:\/\/olleo.be\/#website"},"datePublished":"2023-05-15T09:52:20+00:00","dateModified":"2024-12-17T11:32:34+00:00","breadcrumb":{"@id":"https:\/\/olleo.be\/qui-sommes-nous\/#breadcrumb"},"inLanguage":"de","potentialAction":[{"@type":"ReadAction","target":["https:\/\/olleo.be\/qui-sommes-nous\/"]}]},{"@type":"BreadcrumbList","@id":"https:\/\/olleo.be\/qui-sommes-nous\/#breadcrumb","itemListElement":[{"@type":"ListItem","position":1,"name":"Home","item":"https:\/\/olleo.be\/de\/"},{"@type":"ListItem","position":2,"name":"Wer sind wir?"}]},{"@type":"WebSite","@id":"https:\/\/olleo.be\/#website","url":"https:\/\/olleo.be\/","name":"OLLEO GROUP LTD","description":"Kaltgepresste \u00d6le","potentialAction":[{"@type":"SearchAction","target":{"@type":"EntryPoint","urlTemplate":"https:\/\/olleo.be\/?s={search_term_string}"},"query-input":{"@type":"PropertyValueSpecification","valueRequired":true,"valueName":"search_term_string"}}],"inLanguage":"de"}]}},"_links":{"self":[{"href":"https:\/\/olleo.be\/de\/wp-json\/wp\/v2\/pages\/87628","targetHints":{"allow":["GET"]}}],"collection":[{"href":"https:\/\/olleo.be\/de\/wp-json\/wp\/v2\/pages"}],"about":[{"href":"https:\/\/olleo.be\/de\/wp-json\/wp\/v2\/types\/page"}],"author":[{"embeddable":true,"href":"https:\/\/olleo.be\/de\/wp-json\/wp\/v2\/users\/1"}],"replies":[{"embeddable":true,"href":"https:\/\/olleo.be\/de\/wp-json\/wp\/v2\/comments?post=87628"}],"version-history":[{"count":0,"href":"https:\/\/olleo.be\/de\/wp-json\/wp\/v2\/pages\/87628\/revisions"}],"wp:attachment":[{"href":"https:\/\/olleo.be\/de\/wp-json\/wp\/v2\/media?parent=87628"}],"curies":[{"name":"wp","href":"https:\/\/api.w.org\/{rel}","templated":true}]}}