{"id":87614,"date":"2023-05-15T12:56:29","date_gmt":"2023-05-15T09:56:29","guid":{"rendered":"https:\/\/olleo.be\/politique-de-confidentialite\/"},"modified":"2024-12-17T14:28:07","modified_gmt":"2024-12-17T11:28:07","slug":"datenschutzrichtlinie","status":"publish","type":"page","link":"https:\/\/olleo.be\/de\/datenschutzrichtlinie\/","title":{"rendered":"Datenschutzrichtlinie"},"content":{"rendered":"<section class=\"some_text\">\n\t<div class=\"shell\">\n\t\t<div class=\"hold\">\n\t\t\t<div class=\"text_intro\">\n\t\t\t\t<h1>Cookies-Informationen<\/h1>\n\n\t\t\t\t\t\t\t<\/div><!-- \/.text_intro -->\n\n\t\t\t\t\t\t\t<p>Olleo.be sammelt Informationen \u00fcber Ihre Nutzung der Plattform mittels Technologien wie Cookies \u2013 um Ihre Pr\u00e4ferenzen zu speichern und Inhalte bereitzustellen, die f\u00fcr Sie basierend auf den von Ihnen besuchten Seiten von gr\u00f6\u00dftem Interesse sind.<br \/>\nBitte beachten Sie, dass einige Cookies f\u00fcr das Funktionieren unserer Website entscheidend sind, und das L\u00f6schen oder Blockieren dieser Cookies die Funktionalit\u00e4t der Website beeintr\u00e4chtigen kann.<\/p>\n<h2><strong>Was sind Cookies?<\/strong><\/h2>\n<p>Cookies sind kleine Textdateien, die von der Plattform auf Ihrem Computer oder mobilen Ger\u00e4t gespeichert werden, wenn Sie <a href=\"https:\/\/www.olleo.be\" rel=\"noopener\">www.olleo.be<\/a> besuchen. Ein Cookie hilft uns, Ihr Ger\u00e4t bei Ihrem n\u00e4chsten Besuch auf der Website zu erkennen. Wir verwenden den Begriff \u201eCookies\u201c, um alle Dateien zu bezeichnen, die auf diese Weise Informationen sammeln.<\/p>\n<h2><strong>Welche Cookies verwenden wir auf unserer Website?<\/strong><\/h2>\n<p>Als Besucher unserer Website k\u00f6nnen wir \u201eCookies\u201c in Ihrem Browser platzieren. \u201eCookies\u201c von unserer Website werden als \u201eFirst Party Cookies\u201c bezeichnet und dienen in erster Linie der Speicherung von Sitzungsinformationen, w\u00e4hrend Sie Produkte oder andere Informationen auf olleo.be durchsuchen. Weitere Zwecke ihrer Nutzung sind:<\/p>\n<p>*M\u00f6glicher und einfacher Login in Ihr Benutzerkonto;<br \/>\n*Gew\u00e4hrleistung der Sicherheit der Website;<br \/>\n*Statistische Analyse des Traffics;<\/p>\n<h2><strong>Third Party Cookies:<\/strong><\/h2>\n<p>*Analyse- und Statistik-Cookies \u2013 Diese Cookies helfen uns, die Nutzung unseres Online-Shops zu analysieren und die Leistung des Service und der Kommunikation zu verfolgen. Wir verwenden Google Analytics, um zu bewerten, wie Nutzer mit dem Shop interagieren \u2013 das Analyse-Tool hilft uns festzustellen, ob Sie eine bestimmte Seite besucht haben, wie viel Zeit Sie auf der Website verbracht haben oder ob Sie eine E-Mail, die wir Ihnen gesendet haben, ge\u00f6ffnet haben. Dies hilft uns, Ihnen nur die Informationen zu liefern, die Sie interessieren, und den Bestellprozess in unserem Online-Shop zu verbessern.<\/p>\n<p>*Soziale Netzwerke Cookies \u2013 Diese Cookies werden von sozialen Plattformen wie Facebook, Instagram, G+, Pinterest, YouTube integriert und dienen dazu, den Inhalt der Website zu verbessern oder bereitzustellen. Zum Beispiel erm\u00f6glichen diese Dienste die Wiedergabe von Videos, das Erstellen von Kommentarsektionen, das Hinzuf\u00fcgen von Like- oder Share-Buttons und vieles mehr. Wir verwenden soziale Netzwerke, um Ihre Interaktion mit unserem Online-Shop zu verbessern und eine engere Beziehung zu Ihnen, unseren Kunden, aufzubauen.<\/p>\n<h2><strong>Kontrolle:<\/strong><\/h2>\n<p>Sie k\u00f6nnen Cookies nach Belieben steuern und\/oder l\u00f6schen. Sie k\u00f6nnen alle Cookies l\u00f6schen, die bereits auf Ihrem Ger\u00e4t gespeichert sind, und die meisten Browser so einstellen, dass sie diese blockieren.<br \/>\nBitte beachten Sie, dass einige Bereiche unserer Website m\u00f6glicherweise nicht richtig funktionieren, wenn Sie Cookies deaktivieren.<\/p>\n<p>F\u00fcr weitere Informationen besuchen Sie <a href=\"https:\/\/www.aboutcookies.org\" target=\"_new\" rel=\"noopener\">www.aboutcookies.org<\/a>.<\/p>\n\t\t\t\t\t<\/div><!-- \/.hold -->\n\t<\/div><!-- \/.shell -->\n<\/section><!-- \/.some_text --><section class=\"boxes\">\n\t<div class=\"shell\">\n\t\t<div>\n\t\t\t\t<svg xmlns=\"http:\/\/www.w3.org\/2000\/svg\" class=\"i i-box \">\n\t    <use xlink:href=\"https:\/\/olleo.be\/wp-content\/themes\/olleo\/images\/sprite.svg#box\"><\/use>\n\t<\/svg>\n\t\n\t\t\t<h2>\n\t\t\t\tReichhaltiges Sortiment\t\t\t\t<span>mit \u00fcber <strong>28<\/strong> produkte<\/span>\n\t\t\t<\/h2>\n\t\t<\/div>\n\n\t\t<div>\n\t\t\t\t<svg xmlns=\"http:\/\/www.w3.org\/2000\/svg\" class=\"i i-truck \">\n\t    <use xlink:href=\"https:\/\/olleo.be\/wp-content\/themes\/olleo\/images\/sprite.svg#truck\"><\/use>\n\t<\/svg>\n\t\n\t\t\t<h2>\n\t\t\t\tKostenloser Versand\t\t\t\t<span>bei Bestellungen \u00fcber <strong>99 \u20ac<\/strong><\/span>\n\t\t\t<\/h2>\n\t\t<\/div>\n\n\t\t<div>\n\t\t\t\t<svg xmlns=\"http:\/\/www.w3.org\/2000\/svg\" class=\"i i-call-2 \">\n\t    <use xlink:href=\"https:\/\/olleo.be\/wp-content\/themes\/olleo\/images\/sprite.svg#call-2\"><\/use>\n\t<\/svg>\n\t\n\t\t\t<h2>\n\t\t\t\tTelefon <a href=\"tel:+359896552341\">+359 896552341<\/a>\n\t\t\t\t<span>f\u00fcr Bestellungen und Beratung<\/span>\n\t\t\t<\/h2>\n\t\t<\/div>\n\n\t\t<div>\n\t\t\t\t<svg xmlns=\"http:\/\/www.w3.org\/2000\/svg\" class=\"i i-pin \">\n\t    <use xlink:href=\"https:\/\/olleo.be\/wp-content\/themes\/olleo\/images\/sprite.svg#pin\"><\/use>\n\t<\/svg>\n\t\n\t\t\t<h2>\n\t\t\t\tAdresse\t\t\t\t<span>Dobritsch, Stratsin-Stra\u00dfe Nr. 4, Eingang B, Etage 1, Wohnung 1<\/span>\n\t\t\t<\/h2>\n\t\t<\/div>\n\t<\/div><!-- \/.shell -->\n<\/section><!-- \/.boxes -->","protected":false},"excerpt":{"rendered":"","protected":false},"author":1,"featured_media":0,"parent":0,"menu_order":0,"comment_status":"closed","ping_status":"closed","template":"","meta":{"footnotes":""},"class_list":["post-87614","page","type-page","status-publish","hentry"],"yoast_head":"<!-- This site is optimized with the Yoast SEO Premium plugin v23.2 (Yoast SEO v24.0) - https:\/\/yoast.com\/wordpress\/plugins\/seo\/ -->\n<title>Datenschutzrichtlinie &#8212; OLLEO GROUP LTD<\/title>\n<meta name=\"robots\" content=\"index, follow, max-snippet:-1, max-image-preview:large, max-video-preview:-1\" \/>\n<link rel=\"canonical\" href=\"https:\/\/olleo.be\/politique-de-confidentialite\/\" \/>\n<meta property=\"og:locale\" content=\"de_DE\" \/>\n<meta property=\"og:type\" content=\"article\" \/>\n<meta property=\"og:title\" content=\"Datenschutzrichtlinie\" \/>\n<meta property=\"og:url\" content=\"https:\/\/olleo.be\/politique-de-confidentialite\/\" \/>\n<meta property=\"og:site_name\" content=\"OLLEO GROUP LTD\" \/>\n<meta property=\"article:modified_time\" content=\"2024-12-17T11:28:07+00:00\" \/>\n<meta name=\"twitter:card\" content=\"summary_large_image\" \/>\n<script type=\"application\/ld+json\" class=\"yoast-schema-graph\">{\"@context\":\"https:\/\/schema.org\",\"@graph\":[{\"@type\":\"WebPage\",\"@id\":\"https:\/\/olleo.be\/politique-de-confidentialite\/\",\"url\":\"https:\/\/olleo.be\/politique-de-confidentialite\/\",\"name\":\"Datenschutzrichtlinie &#8212; OLLEO GROUP LTD\",\"isPartOf\":{\"@id\":\"https:\/\/olleo.be\/#website\"},\"datePublished\":\"2023-05-15T09:56:29+00:00\",\"dateModified\":\"2024-12-17T11:28:07+00:00\",\"breadcrumb\":{\"@id\":\"https:\/\/olleo.be\/politique-de-confidentialite\/#breadcrumb\"},\"inLanguage\":\"de\",\"potentialAction\":[{\"@type\":\"ReadAction\",\"target\":[\"https:\/\/olleo.be\/politique-de-confidentialite\/\"]}]},{\"@type\":\"BreadcrumbList\",\"@id\":\"https:\/\/olleo.be\/politique-de-confidentialite\/#breadcrumb\",\"itemListElement\":[{\"@type\":\"ListItem\",\"position\":1,\"name\":\"Home\",\"item\":\"https:\/\/olleo.be\/de\/\"},{\"@type\":\"ListItem\",\"position\":2,\"name\":\"Datenschutzrichtlinie\"}]},{\"@type\":\"WebSite\",\"@id\":\"https:\/\/olleo.be\/#website\",\"url\":\"https:\/\/olleo.be\/\",\"name\":\"OLLEO GROUP LTD\",\"description\":\"Kaltgepresste \u00d6le\",\"potentialAction\":[{\"@type\":\"SearchAction\",\"target\":{\"@type\":\"EntryPoint\",\"urlTemplate\":\"https:\/\/olleo.be\/?s={search_term_string}\"},\"query-input\":{\"@type\":\"PropertyValueSpecification\",\"valueRequired\":true,\"valueName\":\"search_term_string\"}}],\"inLanguage\":\"de\"}]}<\/script>\n<!-- \/ Yoast SEO Premium plugin. -->","yoast_head_json":{"title":"Datenschutzrichtlinie &#8212; OLLEO GROUP LTD","robots":{"index":"index","follow":"follow","max-snippet":"max-snippet:-1","max-image-preview":"max-image-preview:large","max-video-preview":"max-video-preview:-1"},"canonical":"https:\/\/olleo.be\/politique-de-confidentialite\/","og_locale":"de_DE","og_type":"article","og_title":"Datenschutzrichtlinie","og_url":"https:\/\/olleo.be\/politique-de-confidentialite\/","og_site_name":"OLLEO GROUP LTD","article_modified_time":"2024-12-17T11:28:07+00:00","twitter_card":"summary_large_image","schema":{"@context":"https:\/\/schema.org","@graph":[{"@type":"WebPage","@id":"https:\/\/olleo.be\/politique-de-confidentialite\/","url":"https:\/\/olleo.be\/politique-de-confidentialite\/","name":"Datenschutzrichtlinie &#8212; OLLEO GROUP LTD","isPartOf":{"@id":"https:\/\/olleo.be\/#website"},"datePublished":"2023-05-15T09:56:29+00:00","dateModified":"2024-12-17T11:28:07+00:00","breadcrumb":{"@id":"https:\/\/olleo.be\/politique-de-confidentialite\/#breadcrumb"},"inLanguage":"de","potentialAction":[{"@type":"ReadAction","target":["https:\/\/olleo.be\/politique-de-confidentialite\/"]}]},{"@type":"BreadcrumbList","@id":"https:\/\/olleo.be\/politique-de-confidentialite\/#breadcrumb","itemListElement":[{"@type":"ListItem","position":1,"name":"Home","item":"https:\/\/olleo.be\/de\/"},{"@type":"ListItem","position":2,"name":"Datenschutzrichtlinie"}]},{"@type":"WebSite","@id":"https:\/\/olleo.be\/#website","url":"https:\/\/olleo.be\/","name":"OLLEO GROUP LTD","description":"Kaltgepresste \u00d6le","potentialAction":[{"@type":"SearchAction","target":{"@type":"EntryPoint","urlTemplate":"https:\/\/olleo.be\/?s={search_term_string}"},"query-input":{"@type":"PropertyValueSpecification","valueRequired":true,"valueName":"search_term_string"}}],"inLanguage":"de"}]}},"_links":{"self":[{"href":"https:\/\/olleo.be\/de\/wp-json\/wp\/v2\/pages\/87614","targetHints":{"allow":["GET"]}}],"collection":[{"href":"https:\/\/olleo.be\/de\/wp-json\/wp\/v2\/pages"}],"about":[{"href":"https:\/\/olleo.be\/de\/wp-json\/wp\/v2\/types\/page"}],"author":[{"embeddable":true,"href":"https:\/\/olleo.be\/de\/wp-json\/wp\/v2\/users\/1"}],"replies":[{"embeddable":true,"href":"https:\/\/olleo.be\/de\/wp-json\/wp\/v2\/comments?post=87614"}],"version-history":[{"count":0,"href":"https:\/\/olleo.be\/de\/wp-json\/wp\/v2\/pages\/87614\/revisions"}],"wp:attachment":[{"href":"https:\/\/olleo.be\/de\/wp-json\/wp\/v2\/media?parent=87614"}],"curies":[{"name":"wp","href":"https:\/\/api.w.org\/{rel}","templated":true}]}}